{"id":11,"date":"2025-12-12T13:39:12","date_gmt":"2025-12-12T13:39:12","guid":{"rendered":"https:\/\/p3focused.com\/?page_id=11"},"modified":"2026-02-16T11:39:40","modified_gmt":"2026-02-16T11:39:40","slug":"home","status":"publish","type":"page","link":"https:\/\/p3focused.com\/en\/","title":{"rendered":"Home"},"content":{"rendered":"<div data-elementor-type=\"wp-page\" data-elementor-id=\"11\" class=\"elementor elementor-11\" data-elementor-post-type=\"page\">\n\t\t\t\t<div class=\"elementor-element elementor-element-587444d e-flex e-con-boxed e-con e-parent\" data-id=\"587444d\" data-element_type=\"container\" data-e-type=\"container\" data-settings=\"{&quot;background_background&quot;:&quot;classic&quot;}\">\n\t\t\t\t\t<div class=\"e-con-inner\">\n\t\t\t\t<div class=\"elementor-element elementor-element-39501d7 elementor-widget__width-initial elementor-widget elementor-widget-heading\" data-id=\"39501d7\" data-element_type=\"widget\" data-e-type=\"widget\" data-widget_type=\"heading.default\">\n\t\t\t\t\t<h1 class=\"elementor-heading-title elementor-size-default\">Master Public-Private Partnerships with P3FP\n<\/h1>\t\t\t\t<\/div>\n\t\t\t\t<div class=\"elementor-element elementor-element-cc3548b elementor-widget elementor-widget-text-editor\" data-id=\"cc3548b\" data-element_type=\"widget\" data-e-type=\"widget\" data-widget_type=\"text-editor.default\">\n\t\t\t\t\t\t\t\t\tTraining program specialized in the evaluation, management and financing of sustainable infrastructure through Public-Private Partnerships (PPP).\t\t\t\t\t\t\t\t<\/div>\n\t\t\t\t<div class=\"elementor-element elementor-element-45d2c39 elementor-align-center elementor-widget elementor-widget-button\" data-id=\"45d2c39\" data-element_type=\"widget\" data-e-type=\"widget\" data-widget_type=\"button.default\">\n\t\t\t\t\t\t\t\t\t\t<a class=\"elementor-button elementor-button-link elementor-size-sm elementor-animation-push\" href=\"https:\/\/p3focused.com\/en\/los-cursos-enfocados-ppp\/\">\n\t\t\t\t\t\t<span class=\"elementor-button-content-wrapper\">\n\t\t\t\t\t\t\t\t\t<span class=\"elementor-button-text\">Explore courses<\/span>\n\t\t\t\t\t<\/span>\n\t\t\t\t\t<\/a>\n\t\t\t\t\t\t\t\t<\/div>\n\t\t\t\t\t<\/div>\n\t\t\t\t<\/div>\n\t\t<div class=\"elementor-element elementor-element-8bfb657 e-flex e-con-boxed e-con e-parent\" data-id=\"8bfb657\" data-element_type=\"container\" data-e-type=\"container\">\n\t\t\t\t\t<div class=\"e-con-inner\">\n\t\t<div class=\"elementor-element elementor-element-19916cf e-con-full e-flex e-con e-child\" data-id=\"19916cf\" data-element_type=\"container\" data-e-type=\"container\">\n\t\t\t\t<div class=\"elementor-element elementor-element-97ec436 elementor-widget elementor-widget-heading\" data-id=\"97ec436\" data-element_type=\"widget\" data-e-type=\"widget\" data-widget_type=\"heading.default\">\n\t\t\t\t\t<h2 class=\"elementor-heading-title elementor-size-default\">The Public-Private Partnerships Training Program\n<\/h2>\t\t\t\t<\/div>\n\t\t\t\t<div class=\"elementor-element elementor-element-73c7729 elementor-widget elementor-widget-text-editor\" data-id=\"73c7729\" data-element_type=\"widget\" data-e-type=\"widget\" data-widget_type=\"text-editor.default\">\n\t\t\t\t\t\t\t\t\t<p>P3FP is the training program derived from the recognized CP3P, designed for professionals who need practical tools, valid certifications and knowledge applicable to the complete PPP cycle.<\/p><p>Each course combines technical rigor, real cases and international standards. Each guide comes with templates, checklists and ready-to-implement examples.<\/p>\t\t\t\t\t\t\t\t<\/div>\n\t\t\t\t<div class=\"elementor-element elementor-element-ef54697 elementor-align-left elementor-widget elementor-widget-button\" data-id=\"ef54697\" data-element_type=\"widget\" data-e-type=\"widget\" data-widget_type=\"button.default\">\n\t\t\t\t\t\t\t\t\t\t<a class=\"elementor-button elementor-button-link elementor-size-sm elementor-animation-push\" href=\"https:\/\/p3focused.com\/en\/sobre-p3fp\/\">\n\t\t\t\t\t\t<span class=\"elementor-button-content-wrapper\">\n\t\t\t\t\t\t\t\t\t<span class=\"elementor-button-text\">Learn more about P3FP<\/span>\n\t\t\t\t\t<\/span>\n\t\t\t\t\t<\/a>\n\t\t\t\t\t\t\t\t<\/div>\n\t\t\t\t<\/div>\n\t\t<div class=\"elementor-element elementor-element-5503698 e-con-full e-flex e-con e-child\" data-id=\"5503698\" data-element_type=\"container\" data-e-type=\"container\">\n\t\t\t\t<div class=\"elementor-element elementor-element-9dc2de1 elementor-widget elementor-widget-image\" data-id=\"9dc2de1\" data-element_type=\"widget\" data-e-type=\"widget\" data-widget_type=\"image.default\">\n\t\t\t\t\t\t\t\t\t\t\t\t\t\t\t<img decoding=\"async\" src=\"https:\/\/p3focused.com\/wp-content\/uploads\/elementor\/thumbs\/123069-rmbr0sc3u0cfl82b2zp7p3i5qtfgvfn84j5uxka4ey.jpg\" title=\"123069\" alt=\"123069\" loading=\"lazy\" \/>\t\t\t\t\t\t\t\t\t\t\t\t\t\t\t<\/div>\n\t\t\t\t<\/div>\n\t\t\t\t\t<\/div>\n\t\t\t\t<\/div>\n\t\t<div class=\"elementor-element elementor-element-e8c30f3 elementor-hidden-desktop elementor-hidden-tablet elementor-hidden-mobile e-flex e-con-boxed e-con e-parent\" data-id=\"e8c30f3\" data-element_type=\"container\" data-e-type=\"container\">\n\t\t\t\t\t<div class=\"e-con-inner\">\n\t\t\t\t<div class=\"elementor-element elementor-element-dc035bd elementor-widget elementor-widget-heading\" data-id=\"dc035bd\" data-element_type=\"widget\" data-e-type=\"widget\" data-widget_type=\"heading.default\">\n\t\t\t\t\t<h2 class=\"elementor-heading-title elementor-size-default\">Testimonials<\/h2>\t\t\t\t<\/div>\n\t\t\t\t<div class=\"elementor-element elementor-element-bfd37ea elementor-testimonial--skin-bubble elementor-testimonial--layout-image_inline elementor-testimonial--align-center elementor-pagination-type-bullets elementor-widget elementor-widget-testimonial-carousel\" data-id=\"bfd37ea\" data-element_type=\"widget\" data-e-type=\"widget\" data-settings=\"{&quot;slides_per_view&quot;:&quot;2&quot;,&quot;pagination&quot;:&quot;bullets&quot;,&quot;speed&quot;:500,&quot;autoplay&quot;:&quot;yes&quot;,&quot;autoplay_speed&quot;:5000,&quot;loop&quot;:&quot;yes&quot;,&quot;pause_on_hover&quot;:&quot;yes&quot;,&quot;pause_on_interaction&quot;:&quot;yes&quot;,&quot;space_between&quot;:{&quot;unit&quot;:&quot;px&quot;,&quot;size&quot;:10,&quot;sizes&quot;:[]},&quot;space_between_tablet&quot;:{&quot;unit&quot;:&quot;px&quot;,&quot;size&quot;:10,&quot;sizes&quot;:[]},&quot;space_between_mobile&quot;:{&quot;unit&quot;:&quot;px&quot;,&quot;size&quot;:10,&quot;sizes&quot;:[]}}\" data-widget_type=\"testimonial-carousel.default\">\n\t\t\t\t\t\t\t\t\t\t<div class=\"elementor-main-swiper swiper\" role=\"region\" aria-roledescription=\"carousel\" aria-label=\"Testimonials \">\r\n\t\t\t\t<div class=\"swiper-wrapper\">\r\n\t\t\t\t\t\t\t\t\t\t\t<div class=\"swiper-slide\" role=\"group\" aria-roledescription=\"slide\">\r\n\t\t\t\t\t\t\t\t\t<div class=\"elementor-testimonial\">\r\n\t\t\t\t\t\t\t<div class=\"elementor-testimonial__content\">\r\n\t\t\t\t\t<div class=\"elementor-testimonial__text\">\r\n\t\t\t\t\t\tThanks to P3FP, I was able to structure the first financial model of a hospital PPP in my country.\t\t\t\t\t<\/div>\r\n\t\t\t\t\t\t\t\t\t<\/div>\r\n\t\t\t\t\t\t<div class=\"elementor-testimonial__footer\">\r\n\t\t\t\t\t\t\t\t\t<div class=\"elementor-testimonial__image\">\r\n\t\t\t\t\t\t<img decoding=\"async\" src=\"https:\/\/p3focused.com\/wp-content\/plugins\/elementor\/assets\/images\/placeholder.png\" alt=\"Maria Lopez\">\r\n\t\t\t\t\t\t\t\t\t\t\t<\/div>\r\n\t\t\t\t\t\t\t\t<cite class=\"elementor-testimonial__cite\"><span class=\"elementor-testimonial__name\">Maria Lopez<\/span><span class=\"elementor-testimonial__title\">Public Infrastructure Consultant<\/span><\/cite>\t\t\t<\/div>\r\n\t\t<\/div>\r\n\t\t\t\t\t\t\t\t<\/div>\r\n\t\t\t\t\t\t\t\t\t\t\t<div class=\"swiper-slide\" role=\"group\" aria-roledescription=\"slide\">\r\n\t\t\t\t\t\t\t\t\t<div class=\"elementor-testimonial\">\r\n\t\t\t\t\t\t\t<div class=\"elementor-testimonial__content\">\r\n\t\t\t\t\t<div class=\"elementor-testimonial__text\">\r\n\t\t\t\t\t\tThe clarity of the BPRM\u2122 course allowed me to identify and mitigate critical risks in a road project.\t\t\t\t\t<\/div>\r\n\t\t\t\t\t\t\t\t\t<\/div>\r\n\t\t\t\t\t\t<div class=\"elementor-testimonial__footer\">\r\n\t\t\t\t\t\t\t\t\t<div class=\"elementor-testimonial__image\">\r\n\t\t\t\t\t\t<img decoding=\"async\" src=\"https:\/\/p3focused.com\/wp-content\/plugins\/elementor\/assets\/images\/placeholder.png\" alt=\"Javier Mendez\">\r\n\t\t\t\t\t\t\t\t\t\t\t<\/div>\r\n\t\t\t\t\t\t\t\t<cite class=\"elementor-testimonial__cite\"><span class=\"elementor-testimonial__name\">Javier Mendez<\/span><span class=\"elementor-testimonial__title\">Director of Concessions, Ministry of Transportation<\/span><\/cite>\t\t\t<\/div>\r\n\t\t<\/div>\r\n\t\t\t\t\t\t\t\t<\/div>\r\n\t\t\t\t\t\t\t\t\t<\/div>\r\n\t\t\t\t\t\t\t\t\t\t\t\t\t\t\t\t\t\t\t\t<div class=\"swiper-pagination\"><\/div>\r\n\t\t\t\t\t\t\t\t\t\t\t\t<\/div>\r\n\t\t\t\t\t\t\t\t<\/div>\n\t\t\t\t\t<\/div>\n\t\t\t\t<\/div>\n\t\t<div class=\"elementor-element elementor-element-3a33c41 e-flex e-con-boxed e-con e-parent\" data-id=\"3a33c41\" data-element_type=\"container\" data-e-type=\"container\" data-settings=\"{&quot;background_background&quot;:&quot;classic&quot;}\">\n\t\t\t\t\t<div class=\"e-con-inner\">\n\t\t\t\t<div class=\"elementor-element elementor-element-d9cb6e5 elementor-widget elementor-widget-heading\" data-id=\"d9cb6e5\" data-element_type=\"widget\" data-e-type=\"widget\" data-widget_type=\"heading.default\">\n\t\t\t\t\t<h2 class=\"elementor-heading-title elementor-size-default\">Events and news<\/h2>\t\t\t\t<\/div>\n\t\t\t\t<div class=\"elementor-element elementor-element-3378a7e elementor-grid-3 elementor-grid-tablet-2 elementor-grid-mobile-1 elementor-posts--thumbnail-top elementor-widget elementor-widget-posts\" data-id=\"3378a7e\" data-element_type=\"widget\" data-e-type=\"widget\" data-settings=\"{&quot;classic_columns&quot;:&quot;3&quot;,&quot;classic_columns_tablet&quot;:&quot;2&quot;,&quot;classic_columns_mobile&quot;:&quot;1&quot;,&quot;classic_row_gap&quot;:{&quot;unit&quot;:&quot;px&quot;,&quot;size&quot;:35,&quot;sizes&quot;:[]},&quot;classic_row_gap_tablet&quot;:{&quot;unit&quot;:&quot;px&quot;,&quot;size&quot;:&quot;&quot;,&quot;sizes&quot;:[]},&quot;classic_row_gap_mobile&quot;:{&quot;unit&quot;:&quot;px&quot;,&quot;size&quot;:&quot;&quot;,&quot;sizes&quot;:[]}}\" data-widget_type=\"posts.classic\">\n\t\t\t\t<div class=\"elementor-widget-container\">\n\t\t\t\t\t\t\t<div class=\"elementor-posts-container elementor-posts elementor-posts--skin-classic elementor-grid\" role=\"list\">\r\n\t\t\t\t<article class=\"elementor-post elementor-grid-item post-124 post type-post status-publish format-standard has-post-thumbnail hentry category-uncategorized\" role=\"listitem\">\r\n\t\t\t\t<a class=\"elementor-post__thumbnail__link\" href=\"https:\/\/p3focused.com\/en\/noticias-3\/\" tabindex=\"-1\" >\r\n\t\t\t<div class=\"elementor-post__thumbnail\"><img fetchpriority=\"high\" decoding=\"async\" width=\"768\" height=\"432\" src=\"https:\/\/p3focused.com\/wp-content\/uploads\/2025\/12\/120018-768x432.jpg\" class=\"attachment-medium_large size-medium_large wp-image-75\" alt=\"\" srcset=\"https:\/\/p3focused.com\/wp-content\/uploads\/2025\/12\/120018-768x432.jpg 768w, https:\/\/p3focused.com\/wp-content\/uploads\/2025\/12\/120018-300x169.jpg 300w, https:\/\/p3focused.com\/wp-content\/uploads\/2025\/12\/120018-1024x576.jpg 1024w, https:\/\/p3focused.com\/wp-content\/uploads\/2025\/12\/120018-1536x864.jpg 1536w, https:\/\/p3focused.com\/wp-content\/uploads\/2025\/12\/120018.jpg 2000w\" sizes=\"(max-width: 768px) 100vw, 768px\" \/><\/div>\r\n\t\t<\/a>\r\n\t\t\t\t<div class=\"elementor-post__text\">\r\n\t\t\t\t<h3 class=\"elementor-post__title\">\r\n\t\t\t<a href=\"https:\/\/p3focused.com\/en\/noticias-3\/\" >\r\n\t\t\t\tNews 3\t\t\t<\/a>\r\n\t\t<\/h3>\r\n\t\t\t\t<div class=\"elementor-post__excerpt\">\r\n\t\t\t<p>Lorem Ipsum is simply dummy text of the printing and typesetting industry. Lorem Ipsum has been the industry's standard dummy text ever since the 1500s, when an unknown printer took a galley of type and<\/p>\n\t\t<\/div>\r\n\t\t\t\t\t<div class=\"elementor-post__read-more-wrapper\">\r\n\t\t\r\n\t\t<a class=\"elementor-post__read-more\" href=\"https:\/\/p3focused.com\/en\/noticias-3\/\" aria-label=\"Read more about Noticias 3\" tabindex=\"-1\" >\r\n\t\t\tRead more \"\t\t<\/a>\r\n\r\n\t\t\t\t\t<\/div>\r\n\t\t\t\t<\/div>\r\n\t\t\t\t<\/article>\r\n\t\t\t\t<article class=\"elementor-post elementor-grid-item post-122 post type-post status-publish format-standard has-post-thumbnail hentry category-uncategorized\" role=\"listitem\">\r\n\t\t\t\t<a class=\"elementor-post__thumbnail__link\" href=\"https:\/\/p3focused.com\/en\/noticia-2\/\" tabindex=\"-1\" >\r\n\t\t\t<div class=\"elementor-post__thumbnail\"><img fetchpriority=\"high\" decoding=\"async\" width=\"768\" height=\"432\" src=\"https:\/\/p3focused.com\/wp-content\/uploads\/2025\/12\/120018-768x432.jpg\" class=\"attachment-medium_large size-medium_large wp-image-75\" alt=\"\" srcset=\"https:\/\/p3focused.com\/wp-content\/uploads\/2025\/12\/120018-768x432.jpg 768w, https:\/\/p3focused.com\/wp-content\/uploads\/2025\/12\/120018-300x169.jpg 300w, https:\/\/p3focused.com\/wp-content\/uploads\/2025\/12\/120018-1024x576.jpg 1024w, https:\/\/p3focused.com\/wp-content\/uploads\/2025\/12\/120018-1536x864.jpg 1536w, https:\/\/p3focused.com\/wp-content\/uploads\/2025\/12\/120018.jpg 2000w\" sizes=\"(max-width: 768px) 100vw, 768px\" \/><\/div>\r\n\t\t<\/a>\r\n\t\t\t\t<div class=\"elementor-post__text\">\r\n\t\t\t\t<h3 class=\"elementor-post__title\">\r\n\t\t\t<a href=\"https:\/\/p3focused.com\/en\/noticia-2\/\" >\r\n\t\t\t\tNews 2\t\t\t<\/a>\r\n\t\t<\/h3>\r\n\t\t\t\t<div class=\"elementor-post__excerpt\">\r\n\t\t\t<p>Lorem Ipsum is simply dummy text of the printing and typesetting industry. Lorem Ipsum has been the industry's standard dummy text ever since the 1500s, when an unknown printer took a galley of type and<\/p>\n\t\t<\/div>\r\n\t\t\t\t\t<div class=\"elementor-post__read-more-wrapper\">\r\n\t\t\r\n\t\t<a class=\"elementor-post__read-more\" href=\"https:\/\/p3focused.com\/en\/noticia-2\/\" aria-label=\"Read more about Noticia 2\" tabindex=\"-1\" >\r\n\t\t\tRead more \"\t\t<\/a>\r\n\r\n\t\t\t\t\t<\/div>\r\n\t\t\t\t<\/div>\r\n\t\t\t\t<\/article>\r\n\t\t\t\t<article class=\"elementor-post elementor-grid-item post-1 post type-post status-publish format-standard has-post-thumbnail hentry category-uncategorized\" role=\"listitem\">\r\n\t\t\t\t<a class=\"elementor-post__thumbnail__link\" href=\"https:\/\/p3focused.com\/en\/noticia-1\/\" tabindex=\"-1\" >\r\n\t\t\t<div class=\"elementor-post__thumbnail\"><img fetchpriority=\"high\" decoding=\"async\" width=\"768\" height=\"432\" src=\"https:\/\/p3focused.com\/wp-content\/uploads\/2025\/12\/120018-768x432.jpg\" class=\"attachment-medium_large size-medium_large wp-image-75\" alt=\"\" srcset=\"https:\/\/p3focused.com\/wp-content\/uploads\/2025\/12\/120018-768x432.jpg 768w, https:\/\/p3focused.com\/wp-content\/uploads\/2025\/12\/120018-300x169.jpg 300w, https:\/\/p3focused.com\/wp-content\/uploads\/2025\/12\/120018-1024x576.jpg 1024w, https:\/\/p3focused.com\/wp-content\/uploads\/2025\/12\/120018-1536x864.jpg 1536w, https:\/\/p3focused.com\/wp-content\/uploads\/2025\/12\/120018.jpg 2000w\" sizes=\"(max-width: 768px) 100vw, 768px\" \/><\/div>\r\n\t\t<\/a>\r\n\t\t\t\t<div class=\"elementor-post__text\">\r\n\t\t\t\t<h3 class=\"elementor-post__title\">\r\n\t\t\t<a href=\"https:\/\/p3focused.com\/en\/noticia-1\/\" >\r\n\t\t\t\tNews 1\t\t\t<\/a>\r\n\t\t<\/h3>\r\n\t\t\t\t<div class=\"elementor-post__excerpt\">\r\n\t\t\t<p>Lorem Ipsum is simply dummy text of the printing and typesetting industry. Lorem Ipsum has been the industry's standard dummy text ever since the 1500s, when an unknown printer took a galley of type and<\/p>\n\t\t<\/div>\r\n\t\t\t\t\t<div class=\"elementor-post__read-more-wrapper\">\r\n\t\t\r\n\t\t<a class=\"elementor-post__read-more\" href=\"https:\/\/p3focused.com\/en\/noticia-1\/\" aria-label=\"Read more about Noticia 1\" tabindex=\"-1\" >\r\n\t\t\tRead more \"\t\t<\/a>\r\n\r\n\t\t\t\t\t<\/div>\r\n\t\t\t\t<\/div>\r\n\t\t\t\t<\/article>\r\n\t\t\t\t<\/div>\r\n\t\t\r\n\t\t\t\t\t\t<\/div>\n\t\t\t\t<\/div>\n\t\t\t\t\t<\/div>\n\t\t\t\t<\/div>\n\t\t<div class=\"elementor-element elementor-element-cb2dc1e e-flex e-con-boxed e-con e-parent\" data-id=\"cb2dc1e\" data-element_type=\"container\" data-e-type=\"container\" data-settings=\"{&quot;background_background&quot;:&quot;classic&quot;}\">\n\t\t\t\t\t<div class=\"e-con-inner\">\n\t\t\t\t<div class=\"elementor-element elementor-element-8d5b80a elementor-widget elementor-widget-heading\" data-id=\"8d5b80a\" data-element_type=\"widget\" data-e-type=\"widget\" data-widget_type=\"heading.default\">\n\t\t\t\t\t<h2 class=\"elementor-heading-title elementor-size-default\">Are you ready to specialize in Public-Private partnerships?\n\n<\/h2>\t\t\t\t<\/div>\n\t\t\t\t<div class=\"elementor-element elementor-element-0bc2ae4 elementor-widget elementor-widget-text-editor\" data-id=\"0bc2ae4\" data-element_type=\"widget\" data-e-type=\"widget\" data-widget_type=\"text-editor.default\">\n\t\t\t\t\t\t\t\t\tExplore our courses, download the syllabus or contact our team to get started today.\t\t\t\t\t\t\t\t<\/div>\n\t\t\t\t<div class=\"elementor-element elementor-element-5232b2f elementor-align-center elementor-widget elementor-widget-button\" data-id=\"5232b2f\" data-element_type=\"widget\" data-e-type=\"widget\" data-widget_type=\"button.default\">\n\t\t\t\t\t\t\t\t\t\t<a class=\"elementor-button elementor-button-link elementor-size-sm elementor-animation-push\" href=\"https:\/\/p3focused.com\/en\/los-cursos-enfocados-ppp\/\">\n\t\t\t\t\t\t<span class=\"elementor-button-content-wrapper\">\n\t\t\t\t\t\t\t\t\t<span class=\"elementor-button-text\">Discover the courses<\/span>\n\t\t\t\t\t<\/span>\n\t\t\t\t\t<\/a>\n\t\t\t\t\t\t\t\t<\/div>\n\t\t\t\t\t<\/div>\n\t\t\t\t<\/div>\n\t\t<div class=\"elementor-element elementor-element-fd2f8ab e-flex e-con-boxed e-con e-parent\" data-id=\"fd2f8ab\" data-element_type=\"container\" data-e-type=\"container\">\n\t\t\t\t\t<div class=\"e-con-inner\">\n\t\t\t\t<div class=\"elementor-element elementor-element-e6903ef elementor-widget elementor-widget-heading\" data-id=\"e6903ef\" data-element_type=\"widget\" data-e-type=\"widget\" data-widget_type=\"heading.default\">\n\t\t\t\t\t<h2 class=\"elementor-heading-title elementor-size-default\">Our partners<\/h2>\t\t\t\t<\/div>\n\t\t\t\t\t<\/div>\n\t\t\t\t<\/div>\n\t\t\t\t<\/div>","protected":false},"excerpt":{"rendered":"<p>Domina las Alianzas P\u00fablico-Privadas con P3FP Programa formativo especializado en evaluaci\u00f3n, gesti\u00f3n y financiaci\u00f3n de infraestructuras sostenibles mediante Asociaciones P\u00fablico-Privadas (APP). Explora los cursos El programa formativo en Alianzas P\u00fablico-Privadas P3FP es el programa formativo derivado del reconocido CP3P, dise\u00f1ado para profesionales que necesitan herramientas pr\u00e1cticas, certificaciones v\u00e1lidas y conocimiento aplicable al ciclo completo de [&hellip;]<\/p>\n","protected":false},"author":1,"featured_media":0,"parent":0,"menu_order":0,"comment_status":"closed","ping_status":"closed","template":"elementor_header_footer","meta":{"footnotes":""},"class_list":["post-11","page","type-page","status-publish","hentry"],"yoast_head":"<!-- This site is optimized with the Yoast SEO plugin v27.4 - https:\/\/yoast.com\/product\/yoast-seo-wordpress\/ -->\n<title>P3FP | Cursos Especializados en Alianzas<\/title>\n<meta name=\"description\" content=\"Programa formativo en evaluaci\u00f3n, gesti\u00f3n y financiaci\u00f3n de infraestructuras sostenibles mediante Asociaciones P\u00fablico-Privadas.\" \/>\n<meta name=\"robots\" content=\"index, follow, max-snippet:-1, max-image-preview:large, max-video-preview:-1\" \/>\n<link rel=\"canonical\" href=\"https:\/\/p3focused.com\/en\/\" \/>\n<meta property=\"og:locale\" content=\"en_US\" \/>\n<meta property=\"og:type\" content=\"article\" \/>\n<meta property=\"og:title\" content=\"P3FP | Cursos Especializados en Alianzas\" \/>\n<meta property=\"og:description\" content=\"Programa formativo en evaluaci\u00f3n, gesti\u00f3n y financiaci\u00f3n de infraestructuras sostenibles mediante Asociaciones P\u00fablico-Privadas.\" \/>\n<meta property=\"og:url\" content=\"https:\/\/p3focused.com\/en\/\" \/>\n<meta property=\"og:site_name\" content=\"P3FP\" \/>\n<meta property=\"article:modified_time\" content=\"2026-02-16T11:39:40+00:00\" \/>\n<meta property=\"og:image\" content=\"https:\/\/p3focused.com\/wp-content\/uploads\/elementor\/thumbs\/123069-rg1zeyyfexgvyowngpdkl4lgl33u4kh67log241rdm.jpg\" \/>\n<meta name=\"twitter:card\" content=\"summary_large_image\" \/>\n<meta name=\"twitter:label1\" content=\"Est. reading time\" \/>\n\t<meta name=\"twitter:data1\" content=\"2 minutes\" \/>\n<script type=\"application\/ld+json\" class=\"yoast-schema-graph\">{\"@context\":\"https:\\\/\\\/schema.org\",\"@graph\":[{\"@type\":\"WebPage\",\"@id\":\"https:\\\/\\\/p3focused.com\\\/\",\"url\":\"https:\\\/\\\/p3focused.com\\\/\",\"name\":\"P3FP | Cursos Especializados en Alianzas\",\"isPartOf\":{\"@id\":\"https:\\\/\\\/p3focused.com\\\/#website\"},\"primaryImageOfPage\":{\"@id\":\"https:\\\/\\\/p3focused.com\\\/#primaryimage\"},\"image\":{\"@id\":\"https:\\\/\\\/p3focused.com\\\/#primaryimage\"},\"thumbnailUrl\":\"https:\\\/\\\/p3focused.com\\\/wp-content\\\/uploads\\\/elementor\\\/thumbs\\\/123069-rg1zeyyfexgvyowngpdkl4lgl33u4kh67log241rdm.jpg\",\"datePublished\":\"2025-12-12T13:39:12+00:00\",\"dateModified\":\"2026-02-16T11:39:40+00:00\",\"description\":\"Programa formativo en evaluaci\u00f3n, gesti\u00f3n y financiaci\u00f3n de infraestructuras sostenibles mediante Asociaciones P\u00fablico-Privadas.\",\"breadcrumb\":{\"@id\":\"https:\\\/\\\/p3focused.com\\\/#breadcrumb\"},\"inLanguage\":\"en-US\",\"potentialAction\":[{\"@type\":\"ReadAction\",\"target\":[\"https:\\\/\\\/p3focused.com\\\/\"]}]},{\"@type\":\"ImageObject\",\"inLanguage\":\"en-US\",\"@id\":\"https:\\\/\\\/p3focused.com\\\/#primaryimage\",\"url\":\"https:\\\/\\\/p3focused.com\\\/wp-content\\\/uploads\\\/elementor\\\/thumbs\\\/123069-rg1zeyyfexgvyowngpdkl4lgl33u4kh67log241rdm.jpg\",\"contentUrl\":\"https:\\\/\\\/p3focused.com\\\/wp-content\\\/uploads\\\/elementor\\\/thumbs\\\/123069-rg1zeyyfexgvyowngpdkl4lgl33u4kh67log241rdm.jpg\"},{\"@type\":\"BreadcrumbList\",\"@id\":\"https:\\\/\\\/p3focused.com\\\/#breadcrumb\",\"itemListElement\":[{\"@type\":\"ListItem\",\"position\":1,\"name\":\"Portada\",\"item\":\"https:\\\/\\\/p3focused.com\\\/\"},{\"@type\":\"ListItem\",\"position\":2,\"name\":\"Home\"}]},{\"@type\":\"WebSite\",\"@id\":\"https:\\\/\\\/p3focused.com\\\/#website\",\"url\":\"https:\\\/\\\/p3focused.com\\\/\",\"name\":\"P3FP\",\"description\":\"Domina las Alianzas P&uacute;blico-Privadas con P3FP\",\"potentialAction\":[{\"@type\":\"SearchAction\",\"target\":{\"@type\":\"EntryPoint\",\"urlTemplate\":\"https:\\\/\\\/p3focused.com\\\/?s={search_term_string}\"},\"query-input\":{\"@type\":\"PropertyValueSpecification\",\"valueRequired\":true,\"valueName\":\"search_term_string\"}}],\"inLanguage\":\"en-US\"}]}<\/script>\n<!-- \/ Yoast SEO plugin. -->","yoast_head_json":{"title":"P3FP | Specialized Courses in Partnerships","description":"Training program in the evaluation, management and financing of sustainable infrastructures through Public-Private Partnerships.","robots":{"index":"index","follow":"follow","max-snippet":"max-snippet:-1","max-image-preview":"max-image-preview:large","max-video-preview":"max-video-preview:-1"},"canonical":"https:\/\/p3focused.com\/en\/","og_locale":"en_US","og_type":"article","og_title":"P3FP | Cursos Especializados en Alianzas","og_description":"Programa formativo en evaluaci\u00f3n, gesti\u00f3n y financiaci\u00f3n de infraestructuras sostenibles mediante Asociaciones P\u00fablico-Privadas.","og_url":"https:\/\/p3focused.com\/en\/","og_site_name":"P3FP","article_modified_time":"2026-02-16T11:39:40+00:00","og_image":[{"url":"https:\/\/p3focused.com\/wp-content\/uploads\/elementor\/thumbs\/123069-rg1zeyyfexgvyowngpdkl4lgl33u4kh67log241rdm.jpg","type":"","width":"","height":""}],"twitter_card":"summary_large_image","twitter_misc":{"Est. reading time":"2 minutes"},"schema":{"@context":"https:\/\/schema.org","@graph":[{"@type":"WebPage","@id":"https:\/\/p3focused.com\/","url":"https:\/\/p3focused.com\/","name":"P3FP | Specialized Courses in Partnerships","isPartOf":{"@id":"https:\/\/p3focused.com\/#website"},"primaryImageOfPage":{"@id":"https:\/\/p3focused.com\/#primaryimage"},"image":{"@id":"https:\/\/p3focused.com\/#primaryimage"},"thumbnailUrl":"https:\/\/p3focused.com\/wp-content\/uploads\/elementor\/thumbs\/123069-rg1zeyyfexgvyowngpdkl4lgl33u4kh67log241rdm.jpg","datePublished":"2025-12-12T13:39:12+00:00","dateModified":"2026-02-16T11:39:40+00:00","description":"Training program in the evaluation, management and financing of sustainable infrastructures through Public-Private Partnerships.","breadcrumb":{"@id":"https:\/\/p3focused.com\/#breadcrumb"},"inLanguage":"en-US","potentialAction":[{"@type":"ReadAction","target":["https:\/\/p3focused.com\/"]}]},{"@type":"ImageObject","inLanguage":"en-US","@id":"https:\/\/p3focused.com\/#primaryimage","url":"https:\/\/p3focused.com\/wp-content\/uploads\/elementor\/thumbs\/123069-rg1zeyyfexgvyowngpdkl4lgl33u4kh67log241rdm.jpg","contentUrl":"https:\/\/p3focused.com\/wp-content\/uploads\/elementor\/thumbs\/123069-rg1zeyyfexgvyowngpdkl4lgl33u4kh67log241rdm.jpg"},{"@type":"BreadcrumbList","@id":"https:\/\/p3focused.com\/#breadcrumb","itemListElement":[{"@type":"ListItem","position":1,"name":"Portada","item":"https:\/\/p3focused.com\/"},{"@type":"ListItem","position":2,"name":"Home"}]},{"@type":"WebSite","@id":"https:\/\/p3focused.com\/#website","url":"https:\/\/p3focused.com\/","name":"P3FP","description":"Dominates the Public-Private Partnerships with P3FP","potentialAction":[{"@type":"SearchAction","target":{"@type":"EntryPoint","urlTemplate":"https:\/\/p3focused.com\/?s={search_term_string}"},"query-input":{"@type":"PropertyValueSpecification","valueRequired":true,"valueName":"search_term_string"}}],"inLanguage":"en-US"}]}},"_links":{"self":[{"href":"https:\/\/p3focused.com\/en\/wp-json\/wp\/v2\/pages\/11","targetHints":{"allow":["GET"]}}],"collection":[{"href":"https:\/\/p3focused.com\/en\/wp-json\/wp\/v2\/pages"}],"about":[{"href":"https:\/\/p3focused.com\/en\/wp-json\/wp\/v2\/types\/page"}],"author":[{"embeddable":true,"href":"https:\/\/p3focused.com\/en\/wp-json\/wp\/v2\/users\/1"}],"replies":[{"embeddable":true,"href":"https:\/\/p3focused.com\/en\/wp-json\/wp\/v2\/comments?post=11"}],"version-history":[{"count":53,"href":"https:\/\/p3focused.com\/en\/wp-json\/wp\/v2\/pages\/11\/revisions"}],"predecessor-version":[{"id":365,"href":"https:\/\/p3focused.com\/en\/wp-json\/wp\/v2\/pages\/11\/revisions\/365"}],"wp:attachment":[{"href":"https:\/\/p3focused.com\/en\/wp-json\/wp\/v2\/media?parent=11"}],"curies":[{"name":"wp","href":"https:\/\/api.w.org\/{rel}","templated":true}]}}