{"id":13,"date":"2025-12-12T13:39:26","date_gmt":"2025-12-12T13:39:26","guid":{"rendered":"https:\/\/p3focused.com\/?page_id=13"},"modified":"2026-02-16T11:40:39","modified_gmt":"2026-02-16T11:40:39","slug":"sobre-p3fp","status":"publish","type":"page","link":"https:\/\/p3focused.com\/en\/about-p3fp\/","title":{"rendered":"About P3FP"},"content":{"rendered":"<div data-elementor-type=\"wp-page\" data-elementor-id=\"13\" class=\"elementor elementor-13\" data-elementor-post-type=\"page\">\n\t\t\t\t<div class=\"elementor-element elementor-element-061068c e-flex e-con-boxed e-con e-parent\" data-id=\"061068c\" data-element_type=\"container\" data-e-type=\"container\" data-settings=\"{&quot;background_background&quot;:&quot;classic&quot;}\">\n\t\t\t\t\t<div class=\"e-con-inner\">\n\t\t\t\t<div class=\"elementor-element elementor-element-815d28b elementor-widget__width-initial elementor-widget elementor-widget-heading\" data-id=\"815d28b\" data-element_type=\"widget\" data-e-type=\"widget\" data-widget_type=\"heading.default\">\n\t\t\t\t\t<h1 class=\"elementor-heading-title elementor-size-default\">About P3FP<\/h1>\t\t\t\t<\/div>\n\t\t\t\t\t<\/div>\n\t\t\t\t<\/div>\n\t\t<div class=\"elementor-element elementor-element-3f26537 e-flex e-con-boxed e-con e-parent\" data-id=\"3f26537\" data-element_type=\"container\" data-e-type=\"container\">\n\t\t\t\t\t<div class=\"e-con-inner\">\n\t\t<div class=\"elementor-element elementor-element-4207789 e-con-full e-flex e-con e-child\" data-id=\"4207789\" data-element_type=\"container\" data-e-type=\"container\">\n\t\t\t\t<div class=\"elementor-element elementor-element-76487a1 elementor-widget elementor-widget-heading\" data-id=\"76487a1\" data-element_type=\"widget\" data-e-type=\"widget\" data-widget_type=\"heading.default\">\n\t\t\t\t\t<h2 class=\"elementor-heading-title elementor-size-default\">Origin of P3FP\u2122\n<\/h2>\t\t\t\t<\/div>\n\t\t\t\t<div class=\"elementor-element elementor-element-bc8e631 elementor-widget elementor-widget-text-editor\" data-id=\"bc8e631\" data-element_type=\"widget\" data-e-type=\"widget\" data-widget_type=\"text-editor.default\">\n\t\t\t\t\t\t\t\t\t<p>The PPP Focused Courses Programme (P3FP\u2122) is an initiative developed by InfraBest Publications\u2122, an editorial project led by Andr\u00e9s Rebollo, a PPP expert and lead author of the CP3P Guide, in partnership with APMG International.<\/p><p>The programme has been conceived with the objective of making these training and certification resources available so that they can be delivered by any duly accredited training organization.\n\nThe underlying vision of this initiative is to provide professionals working in the financing and management of sustainable infrastructure with specialized or \u201cfocused\u201d courses addressing specific topics across the different phases of the PPP lifecycle, while ensuring that all materials and approaches are fully consistent with international best practices and coherent with one another.<\/p><p>This initiative seeks to address the existing gap in relation to specialized techniques, methodologies, and processes such as Value for Money analysis, PPP risk management, and fiscal sustainability management, among others.<\/p>\t\t\t\t\t\t\t\t<\/div>\n\t\t\t\t<\/div>\n\t\t<div class=\"elementor-element elementor-element-bc4eb1b e-con-full e-flex e-con e-child\" data-id=\"bc4eb1b\" data-element_type=\"container\" data-e-type=\"container\">\n\t\t\t\t<div class=\"elementor-element elementor-element-2cc1589 elementor-widget elementor-widget-image\" data-id=\"2cc1589\" data-element_type=\"widget\" data-e-type=\"widget\" data-widget_type=\"image.default\">\n\t\t\t\t\t\t\t\t\t\t\t\t\t\t\t<img decoding=\"async\" src=\"https:\/\/p3focused.com\/wp-content\/uploads\/elementor\/thumbs\/138169-rmbr0sc3u0cfl82b2zp7p3i5qtfgvfn84j5uxka4ey.jpg\" title=\"138169\" alt=\"138169\" loading=\"lazy\" \/>\t\t\t\t\t\t\t\t\t\t\t\t\t\t\t<\/div>\n\t\t\t\t<\/div>\n\t\t\t\t\t<\/div>\n\t\t\t\t<\/div>\n\t\t<div class=\"elementor-element elementor-element-71d4769 e-flex e-con-boxed e-con e-parent\" data-id=\"71d4769\" data-element_type=\"container\" data-e-type=\"container\">\n\t\t\t\t\t<div class=\"e-con-inner\">\n\t\t<div class=\"elementor-element elementor-element-9755aef e-con-full e-flex e-con e-child\" data-id=\"9755aef\" data-element_type=\"container\" data-e-type=\"container\">\n\t\t\t\t<div class=\"elementor-element elementor-element-bda744b elementor-widget elementor-widget-heading\" data-id=\"bda744b\" data-element_type=\"widget\" data-e-type=\"widget\" data-widget_type=\"heading.default\">\n\t\t\t\t\t<h2 class=\"elementor-heading-title elementor-size-default\">Objectives <\/h2>\t\t\t\t<\/div>\n\t\t\t\t<div class=\"elementor-element elementor-element-34a7b23 elementor-widget elementor-widget-text-editor\" data-id=\"34a7b23\" data-element_type=\"widget\" data-e-type=\"widget\" data-widget_type=\"text-editor.default\">\n\t\t\t\t\t\t\t\t\t<p>The objective of the P3FP\u2122 courses is to complement and deepen these specialized areas, particularly for professionals who are already CP3P\u00ae-certified, as the PPP Focused Courses are fully aligned with the CP3P programme and standards.<\/p><p>The P3FP\u2122 Programme develops in greater detail the processes and methodologies set out in the CP3P Programme and reviews and analyses the practices and approaches adopted by countries that lead international best practice.<\/p><p>The programme is designed to support government professionals and their advisors in:<\/p><ul><li>Building advanced, specialized capabilities to carry out the various analytical and management tasks across the preparation, structuring, procurement, and contract management phases of infrastructure projects.<\/li><li>Improving national approaches and methodologies.<\/li><li>Supporting the development of relevant guidelines (where these do not yet exist) or enhancing existing ones.<\/li><\/ul>\t\t\t\t\t\t\t\t<\/div>\n\t\t\t\t<\/div>\n\t\t<div class=\"elementor-element elementor-element-11d6a73 e-con-full e-flex e-con e-child\" data-id=\"11d6a73\" data-element_type=\"container\" data-e-type=\"container\">\n\t\t\t\t<div class=\"elementor-element elementor-element-b9d8a73 elementor-widget elementor-widget-image\" data-id=\"b9d8a73\" data-element_type=\"widget\" data-e-type=\"widget\" data-widget_type=\"image.default\">\n\t\t\t\t\t\t\t\t\t\t\t\t\t\t\t<img decoding=\"async\" src=\"https:\/\/p3focused.com\/wp-content\/uploads\/elementor\/thumbs\/536-rmbr0sc3u0cfl82b2zp7p3i5qtfgvfn84j5uxka4ey.jpg\" title=\"536\" alt=\"536\" loading=\"lazy\" \/>\t\t\t\t\t\t\t\t\t\t\t\t\t\t\t<\/div>\n\t\t\t\t<\/div>\n\t\t\t\t\t<\/div>\n\t\t\t\t<\/div>\n\t\t<div class=\"elementor-element elementor-element-c4acf9b e-flex e-con-boxed e-con e-parent\" data-id=\"c4acf9b\" data-element_type=\"container\" data-e-type=\"container\" data-settings=\"{&quot;background_background&quot;:&quot;classic&quot;}\">\n\t\t\t\t\t<div class=\"e-con-inner\">\n\t\t\t\t<div class=\"elementor-element elementor-element-c0c3584 elementor-widget elementor-widget-heading\" data-id=\"c0c3584\" data-element_type=\"widget\" data-e-type=\"widget\" data-widget_type=\"heading.default\">\n\t\t\t\t\t<h2 class=\"elementor-heading-title elementor-size-default\">Are you ready to specialize in Public-Private partnerships?\n\n<\/h2>\t\t\t\t<\/div>\n\t\t\t\t<div class=\"elementor-element elementor-element-45e8f28 elementor-widget elementor-widget-text-editor\" data-id=\"45e8f28\" data-element_type=\"widget\" data-e-type=\"widget\" data-widget_type=\"text-editor.default\">\n\t\t\t\t\t\t\t\t\tExplore our courses, download the syllabus or contact our team to get started today.\t\t\t\t\t\t\t\t<\/div>\n\t\t\t\t<div class=\"elementor-element elementor-element-4f07b59 elementor-align-center elementor-widget elementor-widget-button\" data-id=\"4f07b59\" data-element_type=\"widget\" data-e-type=\"widget\" data-widget_type=\"button.default\">\n\t\t\t\t\t\t\t\t\t\t<a class=\"elementor-button elementor-button-link elementor-size-sm elementor-animation-push\" href=\"#\">\n\t\t\t\t\t\t<span class=\"elementor-button-content-wrapper\">\n\t\t\t\t\t\t\t\t\t<span class=\"elementor-button-text\">Discover the courses<\/span>\n\t\t\t\t\t<\/span>\n\t\t\t\t\t<\/a>\n\t\t\t\t\t\t\t\t<\/div>\n\t\t\t\t\t<\/div>\n\t\t\t\t<\/div>\n\t\t<div class=\"elementor-element elementor-element-d0dd058 e-flex e-con-boxed e-con e-parent\" data-id=\"d0dd058\" data-element_type=\"container\" data-e-type=\"container\">\n\t\t\t\t\t<div class=\"e-con-inner\">\n\t\t<div class=\"elementor-element elementor-element-571711b e-con-full e-flex e-con e-child\" data-id=\"571711b\" data-element_type=\"container\" data-e-type=\"container\">\n\t\t\t\t<div class=\"elementor-element elementor-element-96652e2 elementor-widget elementor-widget-heading\" data-id=\"96652e2\" data-element_type=\"widget\" data-e-type=\"widget\" data-widget_type=\"heading.default\">\n\t\t\t\t\t<h2 class=\"elementor-heading-title elementor-size-default\">Target Audience\n<\/h2>\t\t\t\t<\/div>\n\t\t\t\t<div class=\"elementor-element elementor-element-3a9637f elementor-widget elementor-widget-text-editor\" data-id=\"3a9637f\" data-element_type=\"widget\" data-e-type=\"widget\" data-widget_type=\"text-editor.default\">\n\t\t\t\t\t\t\t\t\t<ul><li>Professionals from Ministries of Finance and\/or Planning or Economy.<\/li><li>Staff from central PPP units.<\/li><li>Personnel from contracting authorities and project owners.<\/li><li>Infrastructure and PPP advisors and consultants.<\/li><li>Professionals from Multilateral Development Banks (MDBs), International Financial Institutions (IFIs), and bilateral institutions.<\/li><li>National public development banks and development finance agencies.<\/li><\/ul>\t\t\t\t\t\t\t\t<\/div>\n\t\t\t\t<div class=\"elementor-element elementor-element-84f471f elementor-widget elementor-widget-text-editor\" data-id=\"84f471f\" data-element_type=\"widget\" data-e-type=\"widget\" data-widget_type=\"text-editor.default\">\n\t\t\t\t\t\t\t\t\t<p>In the near future, the PPP Focused Courses Programme will be expanded to include a set of sector-specific focused courses, addressed both to the private and public sectors, as well as additional specialized courses relevant to both sides of PPP projects.\u00a0<\/p>\t\t\t\t\t\t\t\t<\/div>\n\t\t\t\t<\/div>\n\t\t<div class=\"elementor-element elementor-element-fb5570a e-con-full e-flex e-con e-child\" data-id=\"fb5570a\" data-element_type=\"container\" data-e-type=\"container\">\n\t\t\t\t<div class=\"elementor-element elementor-element-0cab3f9 elementor-widget elementor-widget-image\" data-id=\"0cab3f9\" data-element_type=\"widget\" data-e-type=\"widget\" data-widget_type=\"image.default\">\n\t\t\t\t\t\t\t\t\t\t\t\t\t\t\t<img decoding=\"async\" src=\"https:\/\/p3focused.com\/wp-content\/uploads\/elementor\/thumbs\/31214-rmbr0t9y0udpwu0xxi3u9l9mc7au34qygntceu8q8q.jpg\" title=\"31214\" alt=\"31214\" loading=\"lazy\" \/>\t\t\t\t\t\t\t\t\t\t\t\t\t\t\t<\/div>\n\t\t\t\t<\/div>\n\t\t\t\t\t<\/div>\n\t\t\t\t<\/div>\n\t\t<div class=\"elementor-element elementor-element-7b53bb7 e-flex e-con-boxed e-con e-parent\" data-id=\"7b53bb7\" data-element_type=\"container\" data-e-type=\"container\">\n\t\t\t\t\t<div class=\"e-con-inner\">\n\t\t<div class=\"elementor-element elementor-element-339b6b3 e-con-full e-flex e-con e-child\" data-id=\"339b6b3\" data-element_type=\"container\" data-e-type=\"container\">\n\t\t\t\t<div class=\"elementor-element elementor-element-335a70f elementor-widget elementor-widget-heading\" data-id=\"335a70f\" data-element_type=\"widget\" data-e-type=\"widget\" data-widget_type=\"heading.default\">\n\t\t\t\t\t<h2 class=\"elementor-heading-title elementor-size-default\">The PPP Focused Courses\n<\/h2>\t\t\t\t<\/div>\n\t\t\t\t<div class=\"elementor-element elementor-element-8bc0d11 elementor-widget elementor-widget-text-editor\" data-id=\"8bc0d11\" data-element_type=\"widget\" data-e-type=\"widget\" data-widget_type=\"text-editor.default\">\n\t\t\t\t\t\t\t\t\t<p>The programme is initially launched with four focused courses:<\/p><ul><li>Best Practice in Value for Money Analysis (BPVFM\u2122)<\/li><li>Best Practice in PPP Risk Management (BPRM\u2122)<\/li><li>Best Practice in Fiscal Sustainability Management for PPP Projects and Programmes (BPFM\u2122)<\/li><li>Best Practice in PPP Contract Management (BPCM\u2122)<\/li><\/ul>\t\t\t\t\t\t\t\t<\/div>\n\t\t\t\t<div class=\"elementor-element elementor-element-313f047 elementor-widget elementor-widget-heading\" data-id=\"313f047\" data-element_type=\"widget\" data-e-type=\"widget\" data-widget_type=\"heading.default\">\n\t\t\t\t\t<h2 class=\"elementor-heading-title elementor-size-default\">Strategic Partner \n<\/h2>\t\t\t\t<\/div>\n\t\t\t\t<div class=\"elementor-element elementor-element-fd59b2f elementor-widget elementor-widget-text-editor\" data-id=\"fd59b2f\" data-element_type=\"widget\" data-e-type=\"widget\" data-widget_type=\"text-editor.default\">\n\t\t\t\t\t\t\t\t\t<p>The P3FP\u2122 Programme has been developed in partnership with APMG International, which acts as the strategic partner responsible for operationalising the Expert \/ Practitioner certification scheme, as well as the system of Accredited Training Organisations (ATOs) and accredited trainers.<\/p><p>APMG International is responsible for reviewing and certifying the quality of the course materials and training programmes, designing and managing the examinations, issuing the corresponding certificates, and accrediting both training organisations and trainers.<\/p>\t\t\t\t\t\t\t\t<\/div>\n\t\t\t\t<\/div>\n\t\t<div class=\"elementor-element elementor-element-8bdaca6 e-con-full e-flex e-con e-child\" data-id=\"8bdaca6\" data-element_type=\"container\" data-e-type=\"container\">\n\t\t\t\t<div class=\"elementor-element elementor-element-4faa289 elementor-widget elementor-widget-image\" data-id=\"4faa289\" data-element_type=\"widget\" data-e-type=\"widget\" data-widget_type=\"image.default\">\n\t\t\t\t\t\t\t\t\t\t\t\t\t\t\t<img decoding=\"async\" src=\"https:\/\/p3focused.com\/wp-content\/uploads\/elementor\/thumbs\/97637-rmbr0t9y0udpwu0xxi3u9l9mc7au34qygntceu8q8q.jpg\" title=\"97637\" alt=\"97637\" loading=\"lazy\" \/>\t\t\t\t\t\t\t\t\t\t\t\t\t\t\t<\/div>\n\t\t\t\t<\/div>\n\t\t\t\t\t<\/div>\n\t\t\t\t<\/div>\n\t\t\t\t<\/div>","protected":false},"excerpt":{"rendered":"<p>Origen del P3FP El Programa de Cursos Enfocados sobre Asociaciones P\u00fablico-Privadas (Public Private Partnership) es una iniciativa desarrollada por Andr\u00e9s Rebollo, autor l\u00edder de la Gu\u00eda CP3P y contrastado experto en materia de PPPs, en Partnership con APMG, buscando que estos recursos de formaci\u00f3n y certificaci\u00f3n est\u00e9n disponibles para que los pueda ofrecer cualquier entidad [&hellip;]<\/p>\n","protected":false},"author":1,"featured_media":252,"parent":0,"menu_order":0,"comment_status":"closed","ping_status":"closed","template":"elementor_header_footer","meta":{"footnotes":""},"class_list":["post-13","page","type-page","status-publish","has-post-thumbnail","hentry"],"yoast_head":"<!-- This site is optimized with the Yoast SEO plugin v27.4 - https:\/\/yoast.com\/product\/yoast-seo-wordpress\/ -->\n<title>Sobre P3FP | Programa de Formaci\u00f3n en APP<\/title>\n<meta name=\"description\" content=\"Conoce el origen y objetivos del P3FP, programa formativo derivado del CP3P para profesionales en gesti\u00f3n de infraestructuras.\" \/>\n<meta name=\"robots\" content=\"index, follow, max-snippet:-1, max-image-preview:large, max-video-preview:-1\" \/>\n<link rel=\"canonical\" href=\"https:\/\/p3focused.com\/en\/sobre-p3fp\/\" \/>\n<meta property=\"og:locale\" content=\"en_US\" \/>\n<meta property=\"og:type\" content=\"article\" \/>\n<meta property=\"og:title\" content=\"Sobre P3FP | Programa de Formaci\u00f3n en APP\" \/>\n<meta property=\"og:description\" content=\"Conoce el origen y objetivos del P3FP, programa formativo derivado del CP3P para profesionales en gesti\u00f3n de infraestructuras.\" \/>\n<meta property=\"og:url\" content=\"https:\/\/p3focused.com\/en\/sobre-p3fp\/\" \/>\n<meta property=\"og:site_name\" content=\"P3FP\" \/>\n<meta property=\"article:modified_time\" content=\"2026-02-16T11:40:39+00:00\" \/>\n<meta property=\"og:image\" content=\"https:\/\/p3focused.com\/wp-content\/uploads\/2026\/01\/138169.jpg\" \/>\n\t<meta property=\"og:image:width\" content=\"2000\" \/>\n\t<meta property=\"og:image:height\" content=\"1302\" \/>\n\t<meta property=\"og:image:type\" content=\"image\/jpeg\" \/>\n<meta name=\"twitter:card\" content=\"summary_large_image\" \/>\n<meta name=\"twitter:label1\" content=\"Est. reading time\" \/>\n\t<meta name=\"twitter:data1\" content=\"4 minutes\" \/>\n<script type=\"application\/ld+json\" class=\"yoast-schema-graph\">{\"@context\":\"https:\\\/\\\/schema.org\",\"@graph\":[{\"@type\":\"WebPage\",\"@id\":\"https:\\\/\\\/p3focused.com\\\/sobre-p3fp\\\/\",\"url\":\"https:\\\/\\\/p3focused.com\\\/sobre-p3fp\\\/\",\"name\":\"Sobre P3FP | Programa de Formaci\u00f3n en APP\",\"isPartOf\":{\"@id\":\"https:\\\/\\\/p3focused.com\\\/#website\"},\"primaryImageOfPage\":{\"@id\":\"https:\\\/\\\/p3focused.com\\\/sobre-p3fp\\\/#primaryimage\"},\"image\":{\"@id\":\"https:\\\/\\\/p3focused.com\\\/sobre-p3fp\\\/#primaryimage\"},\"thumbnailUrl\":\"https:\\\/\\\/p3focused.com\\\/wp-content\\\/uploads\\\/2026\\\/01\\\/138169.jpg\",\"datePublished\":\"2025-12-12T13:39:26+00:00\",\"dateModified\":\"2026-02-16T11:40:39+00:00\",\"description\":\"Conoce el origen y objetivos del P3FP, programa formativo derivado del CP3P para profesionales en gesti\u00f3n de infraestructuras.\",\"breadcrumb\":{\"@id\":\"https:\\\/\\\/p3focused.com\\\/sobre-p3fp\\\/#breadcrumb\"},\"inLanguage\":\"en-US\",\"potentialAction\":[{\"@type\":\"ReadAction\",\"target\":[\"https:\\\/\\\/p3focused.com\\\/sobre-p3fp\\\/\"]}]},{\"@type\":\"ImageObject\",\"inLanguage\":\"en-US\",\"@id\":\"https:\\\/\\\/p3focused.com\\\/sobre-p3fp\\\/#primaryimage\",\"url\":\"https:\\\/\\\/p3focused.com\\\/wp-content\\\/uploads\\\/2026\\\/01\\\/138169.jpg\",\"contentUrl\":\"https:\\\/\\\/p3focused.com\\\/wp-content\\\/uploads\\\/2026\\\/01\\\/138169.jpg\",\"width\":2000,\"height\":1302},{\"@type\":\"BreadcrumbList\",\"@id\":\"https:\\\/\\\/p3focused.com\\\/sobre-p3fp\\\/#breadcrumb\",\"itemListElement\":[{\"@type\":\"ListItem\",\"position\":1,\"name\":\"Portada\",\"item\":\"https:\\\/\\\/p3focused.com\\\/\"},{\"@type\":\"ListItem\",\"position\":2,\"name\":\"Sobre P3FP\"}]},{\"@type\":\"WebSite\",\"@id\":\"https:\\\/\\\/p3focused.com\\\/#website\",\"url\":\"https:\\\/\\\/p3focused.com\\\/\",\"name\":\"P3FP\",\"description\":\"Domina las Alianzas P&uacute;blico-Privadas con P3FP\",\"potentialAction\":[{\"@type\":\"SearchAction\",\"target\":{\"@type\":\"EntryPoint\",\"urlTemplate\":\"https:\\\/\\\/p3focused.com\\\/?s={search_term_string}\"},\"query-input\":{\"@type\":\"PropertyValueSpecification\",\"valueRequired\":true,\"valueName\":\"search_term_string\"}}],\"inLanguage\":\"en-US\"}]}<\/script>\n<!-- \/ Yoast SEO plugin. -->","yoast_head_json":{"title":"About P3FP | App Training Program","description":"Learn about the origin and objectives of the P3FP, a training program derived from the CP3P for professionals in infrastructure management.","robots":{"index":"index","follow":"follow","max-snippet":"max-snippet:-1","max-image-preview":"max-image-preview:large","max-video-preview":"max-video-preview:-1"},"canonical":"https:\/\/p3focused.com\/en\/sobre-p3fp\/","og_locale":"en_US","og_type":"article","og_title":"Sobre P3FP | Programa de Formaci\u00f3n en APP","og_description":"Conoce el origen y objetivos del P3FP, programa formativo derivado del CP3P para profesionales en gesti\u00f3n de infraestructuras.","og_url":"https:\/\/p3focused.com\/en\/sobre-p3fp\/","og_site_name":"P3FP","article_modified_time":"2026-02-16T11:40:39+00:00","og_image":[{"width":2000,"height":1302,"url":"https:\/\/p3focused.com\/wp-content\/uploads\/2026\/01\/138169.jpg","type":"image\/jpeg"}],"twitter_card":"summary_large_image","twitter_misc":{"Est. reading time":"4 minutes"},"schema":{"@context":"https:\/\/schema.org","@graph":[{"@type":"WebPage","@id":"https:\/\/p3focused.com\/sobre-p3fp\/","url":"https:\/\/p3focused.com\/sobre-p3fp\/","name":"About P3FP | App Training Program","isPartOf":{"@id":"https:\/\/p3focused.com\/#website"},"primaryImageOfPage":{"@id":"https:\/\/p3focused.com\/sobre-p3fp\/#primaryimage"},"image":{"@id":"https:\/\/p3focused.com\/sobre-p3fp\/#primaryimage"},"thumbnailUrl":"https:\/\/p3focused.com\/wp-content\/uploads\/2026\/01\/138169.jpg","datePublished":"2025-12-12T13:39:26+00:00","dateModified":"2026-02-16T11:40:39+00:00","description":"Learn about the origin and objectives of the P3FP, a training program derived from the CP3P for professionals in infrastructure management.","breadcrumb":{"@id":"https:\/\/p3focused.com\/sobre-p3fp\/#breadcrumb"},"inLanguage":"en-US","potentialAction":[{"@type":"ReadAction","target":["https:\/\/p3focused.com\/sobre-p3fp\/"]}]},{"@type":"ImageObject","inLanguage":"en-US","@id":"https:\/\/p3focused.com\/sobre-p3fp\/#primaryimage","url":"https:\/\/p3focused.com\/wp-content\/uploads\/2026\/01\/138169.jpg","contentUrl":"https:\/\/p3focused.com\/wp-content\/uploads\/2026\/01\/138169.jpg","width":2000,"height":1302},{"@type":"BreadcrumbList","@id":"https:\/\/p3focused.com\/sobre-p3fp\/#breadcrumb","itemListElement":[{"@type":"ListItem","position":1,"name":"Portada","item":"https:\/\/p3focused.com\/"},{"@type":"ListItem","position":2,"name":"Sobre P3FP"}]},{"@type":"WebSite","@id":"https:\/\/p3focused.com\/#website","url":"https:\/\/p3focused.com\/","name":"P3FP","description":"Dominates the Public-Private Partnerships with P3FP","potentialAction":[{"@type":"SearchAction","target":{"@type":"EntryPoint","urlTemplate":"https:\/\/p3focused.com\/?s={search_term_string}"},"query-input":{"@type":"PropertyValueSpecification","valueRequired":true,"valueName":"search_term_string"}}],"inLanguage":"en-US"}]}},"_links":{"self":[{"href":"https:\/\/p3focused.com\/en\/wp-json\/wp\/v2\/pages\/13","targetHints":{"allow":["GET"]}}],"collection":[{"href":"https:\/\/p3focused.com\/en\/wp-json\/wp\/v2\/pages"}],"about":[{"href":"https:\/\/p3focused.com\/en\/wp-json\/wp\/v2\/types\/page"}],"author":[{"embeddable":true,"href":"https:\/\/p3focused.com\/en\/wp-json\/wp\/v2\/users\/1"}],"replies":[{"embeddable":true,"href":"https:\/\/p3focused.com\/en\/wp-json\/wp\/v2\/comments?post=13"}],"version-history":[{"count":21,"href":"https:\/\/p3focused.com\/en\/wp-json\/wp\/v2\/pages\/13\/revisions"}],"predecessor-version":[{"id":366,"href":"https:\/\/p3focused.com\/en\/wp-json\/wp\/v2\/pages\/13\/revisions\/366"}],"wp:featuredmedia":[{"embeddable":true,"href":"https:\/\/p3focused.com\/en\/wp-json\/wp\/v2\/media\/252"}],"wp:attachment":[{"href":"https:\/\/p3focused.com\/en\/wp-json\/wp\/v2\/media?parent=13"}],"curies":[{"name":"wp","href":"https:\/\/api.w.org\/{rel}","templated":true}]}}