{"id":147,"date":"2026-01-20T14:32:18","date_gmt":"2026-01-20T14:32:18","guid":{"rendered":"https:\/\/p3focused.com\/?page_id=147"},"modified":"2026-02-02T16:17:33","modified_gmt":"2026-02-02T16:17:33","slug":"los-cursos-enfocados-ppp","status":"publish","type":"page","link":"https:\/\/p3focused.com\/en\/the-focused-courses\/","title":{"rendered":"The PPP focused courses"},"content":{"rendered":"<div data-elementor-type=\"wp-page\" data-elementor-id=\"147\" class=\"elementor elementor-147\" data-elementor-post-type=\"page\">\n\t\t\t\t<div class=\"elementor-element elementor-element-d30162b e-flex e-con-boxed e-con e-parent\" data-id=\"d30162b\" data-element_type=\"container\" data-e-type=\"container\" data-settings=\"{&quot;background_background&quot;:&quot;classic&quot;}\">\n\t\t\t\t\t<div class=\"e-con-inner\">\n\t\t\t\t<div class=\"elementor-element elementor-element-9192974 elementor-widget__width-initial elementor-widget elementor-widget-heading\" data-id=\"9192974\" data-element_type=\"widget\" data-e-type=\"widget\" data-widget_type=\"heading.default\">\n\t\t\t\t\t<h1 class=\"elementor-heading-title elementor-size-default\">The PPP focused courses<\/h1>\t\t\t\t<\/div>\n\t\t\t\t\t<\/div>\n\t\t\t\t<\/div>\n\t\t<div class=\"elementor-element elementor-element-c1728d3 e-flex e-con-boxed e-con e-parent\" data-id=\"c1728d3\" data-element_type=\"container\" data-e-type=\"container\">\n\t\t\t\t\t<div class=\"e-con-inner\">\n\t\t<div class=\"elementor-element elementor-element-932c194 e-con-full e-flex e-con e-child\" data-id=\"932c194\" data-element_type=\"container\" data-e-type=\"container\">\n\t\t\t\t<div class=\"elementor-element elementor-element-dd0d751 elementor-widget elementor-widget-heading\" data-id=\"dd0d751\" data-element_type=\"widget\" data-e-type=\"widget\" data-widget_type=\"heading.default\">\n\t\t\t\t\t<h2 class=\"elementor-heading-title elementor-size-default\">Course Objectives <\/h2>\t\t\t\t<\/div>\n\t\t\t\t<div class=\"elementor-element elementor-element-d7621d3 elementor-widget elementor-widget-text-editor\" data-id=\"d7621d3\" data-element_type=\"widget\" data-e-type=\"widget\" data-widget_type=\"text-editor.default\">\n\t\t\t\t\t\t\t\t\t<p>There is a clear gap in advanced professional training related to specialized techniques, methodologies, and processes in the field of sustainable infrastructure financing and management.<\/p><p>Through the PPP Focused Courses (specialized Public-Private Partnership courses) that make up the P3FP\u2122 Program, together with their respective certifications, the objective is to complement and deepen these specific areas of specialization. This is particularly relevant for professionals who are already CP3P\u00ae-certified, as the PPP Focused Courses are fully consistent with the CP3P program and standards.<\/p><p>Each PPP Focused Course addresses a specific area of specialization within the analysis and management cycle of sustainable infrastructure projects and programs. The courses develop, in greater depth, the processes and methodologies set out in the CP3P Program, while also reviewing and analysing the practices and approaches adopted by countries that lead international best practice.<\/p><p>The ultimate objective is to support countries in strengthening their project analysis and management capacities, as well as in improving their policies, approaches, and methodologies.<\/p>\t\t\t\t\t\t\t\t<\/div>\n\t\t\t\t<\/div>\n\t\t<div class=\"elementor-element elementor-element-934bfb3 e-con-full e-flex e-con e-child\" data-id=\"934bfb3\" data-element_type=\"container\" data-e-type=\"container\">\n\t\t\t\t<div class=\"elementor-element elementor-element-dbc5f73 elementor-widget elementor-widget-image\" data-id=\"dbc5f73\" data-element_type=\"widget\" data-e-type=\"widget\" data-widget_type=\"image.default\">\n\t\t\t\t\t\t\t\t\t\t\t\t\t\t\t<img decoding=\"async\" src=\"https:\/\/p3focused.com\/wp-content\/uploads\/elementor\/thumbs\/536-rmbr0sc3u0cfl82b2zp7p3i5qtfgvfn84j5uxka4ey.jpg\" title=\"536\" alt=\"536\" loading=\"lazy\" \/>\t\t\t\t\t\t\t\t\t\t\t\t\t\t\t<\/div>\n\t\t\t\t<\/div>\n\t\t\t\t\t<\/div>\n\t\t\t\t<\/div>\n\t\t<div class=\"elementor-element elementor-element-bd8e04e e-flex e-con-boxed e-con e-parent\" data-id=\"bd8e04e\" data-element_type=\"container\" data-e-type=\"container\">\n\t\t\t\t\t<div class=\"e-con-inner\">\n\t\t<div class=\"elementor-element elementor-element-3310c12 e-con-full e-flex e-con e-child\" data-id=\"3310c12\" data-element_type=\"container\" data-e-type=\"container\">\n\t\t\t\t<div class=\"elementor-element elementor-element-8047901 elementor-widget elementor-widget-heading\" data-id=\"8047901\" data-element_type=\"widget\" data-e-type=\"widget\" data-widget_type=\"heading.default\">\n\t\t\t\t\t<h2 class=\"elementor-heading-title elementor-size-default\">Certified Training <\/h2>\t\t\t\t<\/div>\n\t\t\t\t<div class=\"elementor-element elementor-element-9bae085 elementor-widget elementor-widget-text-editor\" data-id=\"9bae085\" data-element_type=\"widget\" data-e-type=\"widget\" data-widget_type=\"text-editor.default\">\n\t\t\t\t\t\t\t\t\t<p>All courses under the P3FP\u2122 Program are certified by APMG International, the global examination institute responsible, among many others, for managing the CP3P professional certification programme.<\/p><p>The design of both the courses and the examinations complies with APMG\u2019s stringent quality assurance criteria. APMG is responsible for accrediting training organizations, as well as for independently assessing candidates in accordance with the good practice standards defined by InfraBest Publications\u2122, through the corresponding examinations.<\/p><p>At present, self-study examination routes are not available. Therefore, in order to obtain certification in any of the specialized PPP areas, attendance at a course delivered by an APMG-accredited training organization is mandatory.<\/p>\t\t\t\t\t\t\t\t<\/div>\n\t\t\t\t<\/div>\n\t\t<div class=\"elementor-element elementor-element-a07f617 e-con-full e-flex e-con e-child\" data-id=\"a07f617\" data-element_type=\"container\" data-e-type=\"container\">\n\t\t\t\t<div class=\"elementor-element elementor-element-9371555 elementor-widget elementor-widget-image\" data-id=\"9371555\" data-element_type=\"widget\" data-e-type=\"widget\" data-widget_type=\"image.default\">\n\t\t\t\t\t\t\t\t\t\t\t\t\t\t\t<img decoding=\"async\" src=\"https:\/\/p3focused.com\/wp-content\/uploads\/elementor\/thumbs\/2148824808-rmbr0sc3u0cfl82b2zp7p3i5qtfgvfn84j5uxka4ey.jpg\" title=\"2148824808\" alt=\"2148824808\" loading=\"lazy\" \/>\t\t\t\t\t\t\t\t\t\t\t\t\t\t\t<\/div>\n\t\t\t\t<\/div>\n\t\t\t\t\t<\/div>\n\t\t\t\t<\/div>\n\t\t<div class=\"elementor-element elementor-element-6e392e5 e-flex e-con-boxed e-con e-parent\" data-id=\"6e392e5\" data-element_type=\"container\" data-e-type=\"container\" data-settings=\"{&quot;background_background&quot;:&quot;classic&quot;}\">\n\t\t\t\t\t<div class=\"e-con-inner\">\n\t\t\t\t<div class=\"elementor-element elementor-element-cdbdeba elementor-widget elementor-widget-heading\" data-id=\"cdbdeba\" data-element_type=\"widget\" data-e-type=\"widget\" data-widget_type=\"heading.default\">\n\t\t\t\t\t<h2 class=\"elementor-heading-title elementor-size-default\">Interested in Participating as an Accredited Training Organization or as a Trainer?\n\n\n<\/h2>\t\t\t\t<\/div>\n\t\t\t\t<div class=\"elementor-element elementor-element-12f89b6 elementor-widget elementor-widget-text-editor\" data-id=\"12f89b6\" data-element_type=\"widget\" data-e-type=\"widget\" data-widget_type=\"text-editor.default\">\n\t\t\t\t\t\t\t\t\tIf you represent a training organization interested in delivering these courses, or if you wish to become an accredited trainer, you will find further information here.\t\t\t\t\t\t\t\t<\/div>\n\t\t\t\t<div class=\"elementor-element elementor-element-926b5e9 elementor-align-center elementor-widget elementor-widget-button\" data-id=\"926b5e9\" data-element_type=\"widget\" data-e-type=\"widget\" data-widget_type=\"button.default\">\n\t\t\t\t\t\t\t\t\t\t<a class=\"elementor-button elementor-button-link elementor-size-sm elementor-animation-push\" href=\"https:\/\/p3focused.com\/en\/impartir-p3fp\/\">\n\t\t\t\t\t\t<span class=\"elementor-button-content-wrapper\">\n\t\t\t\t\t\t\t\t\t<span class=\"elementor-button-text\">Delivering P3FP<\/span>\n\t\t\t\t\t<\/span>\n\t\t\t\t\t<\/a>\n\t\t\t\t\t\t\t\t<\/div>\n\t\t\t\t\t<\/div>\n\t\t\t\t<\/div>\n\t\t<div class=\"elementor-element elementor-element-d857866 e-flex e-con-boxed e-con e-parent\" data-id=\"d857866\" data-element_type=\"container\" data-e-type=\"container\">\n\t\t\t\t\t<div class=\"e-con-inner\">\n\t\t<div class=\"elementor-element elementor-element-4bdd59d e-con-full e-flex e-con e-child\" data-id=\"4bdd59d\" data-element_type=\"container\" data-e-type=\"container\">\n\t\t\t\t<div class=\"elementor-element elementor-element-7fdcdfd elementor-widget elementor-widget-heading\" data-id=\"7fdcdfd\" data-element_type=\"widget\" data-e-type=\"widget\" data-widget_type=\"heading.default\">\n\t\t\t\t\t<h2 class=\"elementor-heading-title elementor-size-default\">How can I attend a PPP Focused Course?\n<\/h2>\t\t\t\t<\/div>\n\t\t\t\t<div class=\"elementor-element elementor-element-8101d76 elementor-widget elementor-widget-text-editor\" data-id=\"8101d76\" data-element_type=\"widget\" data-e-type=\"widget\" data-widget_type=\"text-editor.default\">\n\t\t\t\t\t\t\t\t\t<p>You may attend a PPP Focused Course through any training provider that is accredited by APMG International.<\/p><p>APMG International is responsible for ensuring that each accredited training provider meets the standards required to deliver both the courses and the examinations.<br \/>Further information is available on the individual page of each course.<\/p>\t\t\t\t\t\t\t\t<\/div>\n\t\t\t\t<\/div>\n\t\t<div class=\"elementor-element elementor-element-c4d24db e-con-full e-flex e-con e-child\" data-id=\"c4d24db\" data-element_type=\"container\" data-e-type=\"container\">\n\t\t\t\t<div class=\"elementor-element elementor-element-5bcf729 elementor-widget elementor-widget-heading\" data-id=\"5bcf729\" data-element_type=\"widget\" data-e-type=\"widget\" data-widget_type=\"heading.default\">\n\t\t\t\t\t<h2 class=\"elementor-heading-title elementor-size-default\">Prerequisites <\/h2>\t\t\t\t<\/div>\n\t\t\t\t<div class=\"elementor-element elementor-element-8b8bf32 elementor-widget elementor-widget-text-editor\" data-id=\"8b8bf32\" data-element_type=\"widget\" data-e-type=\"widget\" data-widget_type=\"text-editor.default\">\n\t\t\t\t\t\t\t\t\t<p>In order to sit the examination and obtain the corresponding certificate, the following requirements must be met:<\/p><p><strong>Mandatory requirements<\/strong><\/p><ul><li>Successful completion of the relevant PPP Focused Course<\/li><li>A solid general knowledge of PPPs (or holding the CP3P\u00ae Foundation certificate)<\/li><\/ul><p><strong>Highly recommended<\/strong><\/p><ul><li>A proficiency level in English. Initially, training and examinations will be available only in English. While selected courses and exams may progressively become available in other languages, a significant portion of the reference materials within the body of knowledge is available in English.<\/li><li>Certification at least at the CP3P\u00ae Foundation level, and ideally at the Preparation level<\/li><li>At least two years of professional experience in infrastructure financing and management, with some exposure to PPP projects<\/li><\/ul>\t\t\t\t\t\t\t\t<\/div>\n\t\t\t\t<\/div>\n\t\t\t\t\t<\/div>\n\t\t\t\t<\/div>\n\t\t\t\t<\/div>","protected":false},"excerpt":{"rendered":"<p>Objetivo de los cursos Existe un vac\u00edo de formaci\u00f3n experta en t\u00e9cnicas, metodolog\u00edas y procesos especializados aplicados a la financiaci\u00f3n y gesti\u00f3n de infraestructuras sostenibles. El programa P3FP\u2122, a trav\u00e9s de sus Cursos Enfocados PPP y sus correspondientes acreditaciones, tiene como objetivo complementar y profundizar en estos \u00e1mbitos de especializaci\u00f3n. Estos cursos est\u00e1n dise\u00f1ados para [&hellip;]<\/p>\n","protected":false},"author":1,"featured_media":258,"parent":0,"menu_order":0,"comment_status":"closed","ping_status":"closed","template":"elementor_header_footer","meta":{"footnotes":""},"class_list":["post-147","page","type-page","status-publish","has-post-thumbnail","hentry"],"yoast_head":"<!-- This site is optimized with the Yoast SEO plugin v27.4 - https:\/\/yoast.com\/product\/yoast-seo-wordpress\/ -->\n<title>Los cursos enfocados PPP - P3FP<\/title>\n<meta name=\"robots\" content=\"index, follow, max-snippet:-1, max-image-preview:large, max-video-preview:-1\" \/>\n<link rel=\"canonical\" href=\"https:\/\/p3focused.com\/en\/los-cursos-enfocados-ppp\/\" \/>\n<meta property=\"og:locale\" content=\"en_US\" \/>\n<meta property=\"og:type\" content=\"article\" \/>\n<meta property=\"og:title\" content=\"Los cursos enfocados PPP - P3FP\" \/>\n<meta property=\"og:description\" content=\"Objetivo de los cursos Existe un vac\u00edo de formaci\u00f3n experta en t\u00e9cnicas, metodolog\u00edas y procesos especializados aplicados a la financiaci\u00f3n y gesti\u00f3n de infraestructuras sostenibles. El programa P3FP\u2122, a trav\u00e9s de sus Cursos Enfocados PPP y sus correspondientes acreditaciones, tiene como objetivo complementar y profundizar en estos \u00e1mbitos de especializaci\u00f3n. Estos cursos est\u00e1n dise\u00f1ados para [&hellip;]\" \/>\n<meta property=\"og:url\" content=\"https:\/\/p3focused.com\/en\/los-cursos-enfocados-ppp\/\" \/>\n<meta property=\"og:site_name\" content=\"P3FP\" \/>\n<meta property=\"article:modified_time\" content=\"2026-02-02T16:17:33+00:00\" \/>\n<meta property=\"og:image\" content=\"https:\/\/p3focused.com\/wp-content\/uploads\/2026\/01\/97637.jpg\" \/>\n\t<meta property=\"og:image:width\" content=\"2000\" \/>\n\t<meta property=\"og:image:height\" content=\"1125\" \/>\n\t<meta property=\"og:image:type\" content=\"image\/jpeg\" \/>\n<meta name=\"twitter:card\" content=\"summary_large_image\" \/>\n<meta name=\"twitter:label1\" content=\"Est. reading time\" \/>\n\t<meta name=\"twitter:data1\" content=\"3 minutes\" \/>\n<script type=\"application\/ld+json\" class=\"yoast-schema-graph\">{\"@context\":\"https:\\\/\\\/schema.org\",\"@graph\":[{\"@type\":\"WebPage\",\"@id\":\"https:\\\/\\\/p3focused.com\\\/los-cursos-enfocados-ppp\\\/\",\"url\":\"https:\\\/\\\/p3focused.com\\\/los-cursos-enfocados-ppp\\\/\",\"name\":\"Los cursos enfocados PPP - P3FP\",\"isPartOf\":{\"@id\":\"https:\\\/\\\/p3focused.com\\\/#website\"},\"primaryImageOfPage\":{\"@id\":\"https:\\\/\\\/p3focused.com\\\/los-cursos-enfocados-ppp\\\/#primaryimage\"},\"image\":{\"@id\":\"https:\\\/\\\/p3focused.com\\\/los-cursos-enfocados-ppp\\\/#primaryimage\"},\"thumbnailUrl\":\"https:\\\/\\\/p3focused.com\\\/wp-content\\\/uploads\\\/2026\\\/01\\\/97637.jpg\",\"datePublished\":\"2026-01-20T14:32:18+00:00\",\"dateModified\":\"2026-02-02T16:17:33+00:00\",\"breadcrumb\":{\"@id\":\"https:\\\/\\\/p3focused.com\\\/los-cursos-enfocados-ppp\\\/#breadcrumb\"},\"inLanguage\":\"en-US\",\"potentialAction\":[{\"@type\":\"ReadAction\",\"target\":[\"https:\\\/\\\/p3focused.com\\\/los-cursos-enfocados-ppp\\\/\"]}]},{\"@type\":\"ImageObject\",\"inLanguage\":\"en-US\",\"@id\":\"https:\\\/\\\/p3focused.com\\\/los-cursos-enfocados-ppp\\\/#primaryimage\",\"url\":\"https:\\\/\\\/p3focused.com\\\/wp-content\\\/uploads\\\/2026\\\/01\\\/97637.jpg\",\"contentUrl\":\"https:\\\/\\\/p3focused.com\\\/wp-content\\\/uploads\\\/2026\\\/01\\\/97637.jpg\",\"width\":2000,\"height\":1125},{\"@type\":\"BreadcrumbList\",\"@id\":\"https:\\\/\\\/p3focused.com\\\/los-cursos-enfocados-ppp\\\/#breadcrumb\",\"itemListElement\":[{\"@type\":\"ListItem\",\"position\":1,\"name\":\"Portada\",\"item\":\"https:\\\/\\\/p3focused.com\\\/\"},{\"@type\":\"ListItem\",\"position\":2,\"name\":\"Los cursos enfocados PPP\"}]},{\"@type\":\"WebSite\",\"@id\":\"https:\\\/\\\/p3focused.com\\\/#website\",\"url\":\"https:\\\/\\\/p3focused.com\\\/\",\"name\":\"P3FP\",\"description\":\"Domina las Alianzas P&uacute;blico-Privadas con P3FP\",\"potentialAction\":[{\"@type\":\"SearchAction\",\"target\":{\"@type\":\"EntryPoint\",\"urlTemplate\":\"https:\\\/\\\/p3focused.com\\\/?s={search_term_string}\"},\"query-input\":{\"@type\":\"PropertyValueSpecification\",\"valueRequired\":true,\"valueName\":\"search_term_string\"}}],\"inLanguage\":\"en-US\"}]}<\/script>\n<!-- \/ Yoast SEO plugin. -->","yoast_head_json":{"title":"Los cursos enfocados PPP - P3FP","robots":{"index":"index","follow":"follow","max-snippet":"max-snippet:-1","max-image-preview":"max-image-preview:large","max-video-preview":"max-video-preview:-1"},"canonical":"https:\/\/p3focused.com\/en\/los-cursos-enfocados-ppp\/","og_locale":"en_US","og_type":"article","og_title":"Los cursos enfocados PPP - P3FP","og_description":"Objetivo de los cursos Existe un vac\u00edo de formaci\u00f3n experta en t\u00e9cnicas, metodolog\u00edas y procesos especializados aplicados a la financiaci\u00f3n y gesti\u00f3n de infraestructuras sostenibles. El programa P3FP\u2122, a trav\u00e9s de sus Cursos Enfocados PPP y sus correspondientes acreditaciones, tiene como objetivo complementar y profundizar en estos \u00e1mbitos de especializaci\u00f3n. Estos cursos est\u00e1n dise\u00f1ados para [&hellip;]","og_url":"https:\/\/p3focused.com\/en\/los-cursos-enfocados-ppp\/","og_site_name":"P3FP","article_modified_time":"2026-02-02T16:17:33+00:00","og_image":[{"width":2000,"height":1125,"url":"https:\/\/p3focused.com\/wp-content\/uploads\/2026\/01\/97637.jpg","type":"image\/jpeg"}],"twitter_card":"summary_large_image","twitter_misc":{"Est. reading time":"3 minutes"},"schema":{"@context":"https:\/\/schema.org","@graph":[{"@type":"WebPage","@id":"https:\/\/p3focused.com\/los-cursos-enfocados-ppp\/","url":"https:\/\/p3focused.com\/los-cursos-enfocados-ppp\/","name":"Los cursos enfocados PPP - P3FP","isPartOf":{"@id":"https:\/\/p3focused.com\/#website"},"primaryImageOfPage":{"@id":"https:\/\/p3focused.com\/los-cursos-enfocados-ppp\/#primaryimage"},"image":{"@id":"https:\/\/p3focused.com\/los-cursos-enfocados-ppp\/#primaryimage"},"thumbnailUrl":"https:\/\/p3focused.com\/wp-content\/uploads\/2026\/01\/97637.jpg","datePublished":"2026-01-20T14:32:18+00:00","dateModified":"2026-02-02T16:17:33+00:00","breadcrumb":{"@id":"https:\/\/p3focused.com\/los-cursos-enfocados-ppp\/#breadcrumb"},"inLanguage":"en-US","potentialAction":[{"@type":"ReadAction","target":["https:\/\/p3focused.com\/los-cursos-enfocados-ppp\/"]}]},{"@type":"ImageObject","inLanguage":"en-US","@id":"https:\/\/p3focused.com\/los-cursos-enfocados-ppp\/#primaryimage","url":"https:\/\/p3focused.com\/wp-content\/uploads\/2026\/01\/97637.jpg","contentUrl":"https:\/\/p3focused.com\/wp-content\/uploads\/2026\/01\/97637.jpg","width":2000,"height":1125},{"@type":"BreadcrumbList","@id":"https:\/\/p3focused.com\/los-cursos-enfocados-ppp\/#breadcrumb","itemListElement":[{"@type":"ListItem","position":1,"name":"Portada","item":"https:\/\/p3focused.com\/"},{"@type":"ListItem","position":2,"name":"Los cursos enfocados PPP"}]},{"@type":"WebSite","@id":"https:\/\/p3focused.com\/#website","url":"https:\/\/p3focused.com\/","name":"P3FP","description":"Dominates the Public-Private Partnerships with P3FP","potentialAction":[{"@type":"SearchAction","target":{"@type":"EntryPoint","urlTemplate":"https:\/\/p3focused.com\/?s={search_term_string}"},"query-input":{"@type":"PropertyValueSpecification","valueRequired":true,"valueName":"search_term_string"}}],"inLanguage":"en-US"}]}},"_links":{"self":[{"href":"https:\/\/p3focused.com\/en\/wp-json\/wp\/v2\/pages\/147","targetHints":{"allow":["GET"]}}],"collection":[{"href":"https:\/\/p3focused.com\/en\/wp-json\/wp\/v2\/pages"}],"about":[{"href":"https:\/\/p3focused.com\/en\/wp-json\/wp\/v2\/types\/page"}],"author":[{"embeddable":true,"href":"https:\/\/p3focused.com\/en\/wp-json\/wp\/v2\/users\/1"}],"replies":[{"embeddable":true,"href":"https:\/\/p3focused.com\/en\/wp-json\/wp\/v2\/comments?post=147"}],"version-history":[{"count":14,"href":"https:\/\/p3focused.com\/en\/wp-json\/wp\/v2\/pages\/147\/revisions"}],"predecessor-version":[{"id":338,"href":"https:\/\/p3focused.com\/en\/wp-json\/wp\/v2\/pages\/147\/revisions\/338"}],"wp:featuredmedia":[{"embeddable":true,"href":"https:\/\/p3focused.com\/en\/wp-json\/wp\/v2\/media\/258"}],"wp:attachment":[{"href":"https:\/\/p3focused.com\/en\/wp-json\/wp\/v2\/media?parent=147"}],"curies":[{"name":"wp","href":"https:\/\/api.w.org\/{rel}","templated":true}]}}