{"id":15,"date":"2025-12-12T13:39:39","date_gmt":"2025-12-12T13:39:39","guid":{"rendered":"https:\/\/p3focused.com\/?page_id=15"},"modified":"2026-02-16T11:44:49","modified_gmt":"2026-02-16T11:44:49","slug":"contacto","status":"publish","type":"page","link":"https:\/\/p3focused.com\/en\/contacto\/","title":{"rendered":"Contact"},"content":{"rendered":"\t\t<div data-elementor-type=\"wp-page\" data-elementor-id=\"15\" class=\"elementor elementor-15\" data-elementor-post-type=\"page\">\n\t\t\t\t<div class=\"elementor-element elementor-element-5a7112e1 e-flex e-con-boxed e-con e-parent\" data-id=\"5a7112e1\" data-element_type=\"container\" data-e-type=\"container\" data-settings=\"{&quot;background_background&quot;:&quot;classic&quot;}\">\n\t\t\t\t\t<div class=\"e-con-inner\">\n\t\t\t\t<div class=\"elementor-element elementor-element-27bcff10 elementor-widget__width-initial elementor-widget elementor-widget-heading\" data-id=\"27bcff10\" data-element_type=\"widget\" data-e-type=\"widget\" data-widget_type=\"heading.default\">\n\t\t\t\t\t<h1 class=\"elementor-heading-title elementor-size-default\">Contacto<\/h1>\t\t\t\t<\/div>\n\t\t\t\t\t<\/div>\n\t\t\t\t<\/div>\n\t\t<div class=\"elementor-element elementor-element-4c0c3f9 e-flex e-con-boxed e-con e-parent\" data-id=\"4c0c3f9\" data-element_type=\"container\" data-e-type=\"container\">\n\t\t\t\t\t<div class=\"e-con-inner\">\n\t\t\t\t<div class=\"elementor-element elementor-element-88aec18 elementor-widget elementor-widget-heading\" data-id=\"88aec18\" data-element_type=\"widget\" data-e-type=\"widget\" data-widget_type=\"heading.default\">\n\t\t\t\t\t<h2 class=\"elementor-heading-title elementor-size-default\">Mantenme informado <\/h2>\t\t\t\t<\/div>\n\t\t\t\t<div class=\"elementor-element elementor-element-aa62858 elementor-widget elementor-widget-text-editor\" data-id=\"aa62858\" data-element_type=\"widget\" data-e-type=\"widget\" data-widget_type=\"text-editor.default\">\n\t\t\t\t\t\t\t\t\t<p>Suscr\u00edbete a nuestra lista de contactos. Recibir\u00e1s informaci\u00f3n puntual sobre actividades, eventos y contenidos relacionados con el programa P3FP\u2122 y sus cursos especializados<\/p>\t\t\t\t\t\t\t\t<\/div>\n\t\t\t\t<div class=\"elementor-element elementor-element-493efe1 elementor-button-align-stretch elementor-widget elementor-widget-form\" data-id=\"493efe1\" data-element_type=\"widget\" data-e-type=\"widget\" data-settings=\"{&quot;step_next_label&quot;:&quot;Enviar mensaje&quot;,&quot;step_previous_label&quot;:&quot;Previous&quot;,&quot;button_width&quot;:&quot;100&quot;,&quot;step_type&quot;:&quot;number_text&quot;,&quot;step_icon_shape&quot;:&quot;circle&quot;}\" data-widget_type=\"form.default\">\n\t\t\t\t\t\t\t<form class=\"elementor-form\" method=\"post\" name=\"Contacto\" aria-label=\"Contacto\">\r\n\t\t\t<input type=\"hidden\" name=\"post_id\" value=\"15\"\/>\r\n\t\t\t<input type=\"hidden\" name=\"form_id\" value=\"493efe1\"\/>\r\n\t\t\t<input type=\"hidden\" name=\"referer_title\" value=\"Contacto P3FP | Informaci\u00f3n y Consultas sobre Cursos APP\" \/>\r\n\r\n\t\t\t\t\t\t\t<input type=\"hidden\" name=\"queried_id\" value=\"15\"\/>\r\n\t\t\t\r\n\t\t\t<div class=\"elementor-form-fields-wrapper elementor-labels-above\">\r\n\t\t\t\t\t\t\t\t<div class=\"elementor-field-type-text elementor-field-group elementor-column elementor-field-group-name elementor-col-100 elementor-field-required\">\r\n\t\t\t\t\t\t\t\t\t\t\t\t<label for=\"form-field-name\" class=\"elementor-field-label\">\r\n\t\t\t\t\t\t\t\tNombre\t\t\t\t\t\t\t<\/label>\r\n\t\t\t\t\t\t\t\t\t\t\t\t\t\t<input size=\"1\" type=\"text\" name=\"form_fields[name]\" id=\"form-field-name\" class=\"elementor-field elementor-size-md  elementor-field-textual\" placeholder=\"Nombre\" required=\"required\">\r\n\t\t\t\t\t\t\t\t\t\t\t<\/div>\r\n\t\t\t\t\t\t\t\t<div class=\"elementor-field-type-text elementor-field-group elementor-column elementor-field-group-field_31e8929 elementor-col-100 elementor-field-required\">\r\n\t\t\t\t\t\t\t\t\t\t\t\t<label for=\"form-field-field_31e8929\" class=\"elementor-field-label\">\r\n\t\t\t\t\t\t\t\tApellidos\t\t\t\t\t\t\t<\/label>\r\n\t\t\t\t\t\t\t\t\t\t\t\t\t\t<input size=\"1\" type=\"text\" name=\"form_fields[field_31e8929]\" id=\"form-field-field_31e8929\" class=\"elementor-field elementor-size-md  elementor-field-textual\" placeholder=\"Apellidos\" required=\"required\">\r\n\t\t\t\t\t\t\t\t\t\t\t<\/div>\r\n\t\t\t\t\t\t\t\t<div class=\"elementor-field-type-email elementor-field-group elementor-column elementor-field-group-email elementor-col-100 elementor-field-required\">\r\n\t\t\t\t\t\t\t\t\t\t\t\t<label for=\"form-field-email\" class=\"elementor-field-label\">\r\n\t\t\t\t\t\t\t\tEmail\t\t\t\t\t\t\t<\/label>\r\n\t\t\t\t\t\t\t\t\t\t\t\t\t\t<input size=\"1\" type=\"email\" name=\"form_fields[email]\" id=\"form-field-email\" class=\"elementor-field elementor-size-md  elementor-field-textual\" placeholder=\"Email\" required=\"required\">\r\n\t\t\t\t\t\t\t\t\t\t\t<\/div>\r\n\t\t\t\t\t\t\t\t<div class=\"elementor-field-type-text elementor-field-group elementor-column elementor-field-group-field_8c15341 elementor-col-100 elementor-field-required\">\r\n\t\t\t\t\t\t\t\t\t\t\t\t<label for=\"form-field-field_8c15341\" class=\"elementor-field-label\">\r\n\t\t\t\t\t\t\t\tPa\u00eds\t\t\t\t\t\t\t<\/label>\r\n\t\t\t\t\t\t\t\t\t\t\t\t\t\t<input size=\"1\" type=\"text\" name=\"form_fields[field_8c15341]\" id=\"form-field-field_8c15341\" class=\"elementor-field elementor-size-md  elementor-field-textual\" placeholder=\"Pa\u00eds\" required=\"required\">\r\n\t\t\t\t\t\t\t\t\t\t\t<\/div>\r\n\t\t\t\t\t\t\t\t<div class=\"elementor-field-type-radio elementor-field-group elementor-column elementor-field-group-field_e3393eb elementor-col-100 elementor-field-required\">\r\n\t\t\t\t\t\t\t\t\t\t\t\t<label for=\"form-field-field_e3393eb\" class=\"elementor-field-label\">\r\n\t\t\t\t\t\t\t\tSector \t\t\t\t\t\t\t<\/label>\r\n\t\t\t\t\t\t<div class=\"elementor-field-subgroup  \"><span class=\"elementor-field-option\"><input type=\"radio\" value=\"P\u00fablico\" id=\"form-field-field_e3393eb-0\" name=\"form_fields[field_e3393eb]\" required=\"required\"> <label for=\"form-field-field_e3393eb-0\">P\u00fablico<\/label><\/span><span class=\"elementor-field-option\"><input type=\"radio\" value=\"Privado \" id=\"form-field-field_e3393eb-1\" name=\"form_fields[field_e3393eb]\" required=\"required\"> <label for=\"form-field-field_e3393eb-1\">Privado <\/label><\/span><\/div>\t\t\t\t<\/div>\r\n\t\t\t\t\t\t\t\t<div class=\"elementor-field-type-html elementor-field-group elementor-column elementor-field-group-field_2a1d01f elementor-col-100\">\r\n\t\t\t\t\tLa informaci\u00f3n facilitada ser\u00e1 tratada por el titular del sitio web con la finalidad de gestionar el env\u00edo de informaci\u00f3n relacionada con actividades, eventos y contenidos del programa P3FP\u2122. Puedes ejercer tus derechos en cualquier momento conforme a lo indicado en la Pol\u00edtica de Privacidad\t\t\t\t<\/div>\r\n\t\t\t\t\t\t\t\t<div class=\"elementor-field-type-acceptance elementor-field-group elementor-column elementor-field-group-field_4ff6304 elementor-col-100\">\r\n\t\t\t\t\t\t\t<div class=\"elementor-field-subgroup\">\r\n\t\t\t<span class=\"elementor-field-option\">\r\n\t\t\t\t<input type=\"checkbox\" name=\"form_fields[field_4ff6304]\" id=\"form-field-field_4ff6304\" class=\"elementor-field elementor-size-md  elementor-acceptance-field\">\r\n\t\t\t\t<label for=\"form-field-field_4ff6304\">  He le\u00eddo y acepto los <a href=\"https:\/\/p3focused.com\/politica-de-privacidad\/\" target=\"_blank\" rel=\"noopener\">t\u00e9rminos y condiciones<\/a>.\n<\/label>\t\t\t<\/span>\r\n\t\t<\/div>\r\n\t\t\t\t\t\t<\/div>\r\n\t\t\t\t\t\t\t\t<div class=\"elementor-field-group elementor-column elementor-field-type-submit elementor-col-100 e-form__buttons\">\r\n\t\t\t\t\t<button class=\"elementor-button elementor-size-md\" type=\"submit\">\r\n\t\t\t\t\t\t<span class=\"elementor-button-content-wrapper\">\r\n\t\t\t\t\t\t\t\t\t\t\t\t\t\t\t\t\t\t\t\t\t\t<span class=\"elementor-button-text\">Suscribirme<\/span>\r\n\t\t\t\t\t\t\t\t\t\t\t\t\t<\/span>\r\n\t\t\t\t\t<\/button>\r\n\t\t\t\t<\/div>\r\n\t\t\t<\/div>\r\n\t\t<\/form>\r\n\t\t\t\t\t\t<\/div>\n\t\t\t\t\t<\/div>\n\t\t\t\t<\/div>\n\t\t\t\t<\/div>\n\t\t","protected":false},"excerpt":{"rendered":"<p>Mantenme informado Suscr\u00edbete a nuestra lista de contactos. Recibir\u00e1s informaci\u00f3n puntual sobre actividades, eventos y contenidos relacionados con el programa P3FP\u2122 y sus cursos especializados<\/p>","protected":false},"author":1,"featured_media":0,"parent":0,"menu_order":0,"comment_status":"closed","ping_status":"closed","template":"elementor_header_footer","meta":{"footnotes":""},"class_list":["post-15","page","type-page","status-publish","hentry"],"yoast_head":"<!-- This site is optimized with the Yoast SEO plugin v27.4 - https:\/\/yoast.com\/product\/yoast-seo-wordpress\/ -->\n<title>Contacto P3FP | Informaci\u00f3n y Consultas sobre Cursos APP<\/title>\n<meta name=\"description\" content=\"Contacta con el equipo P3FP para informaci\u00f3n sobre cursos, certificaciones y formaci\u00f3n en Alianzas P\u00fablico-Privadas. Resolvemos tus dudas.\" \/>\n<meta name=\"robots\" content=\"index, follow, max-snippet:-1, max-image-preview:large, max-video-preview:-1\" \/>\n<link rel=\"canonical\" href=\"https:\/\/p3focused.com\/en\/contacto\/\" \/>\n<meta property=\"og:locale\" content=\"en_US\" \/>\n<meta property=\"og:type\" content=\"article\" \/>\n<meta property=\"og:title\" content=\"Contacto P3FP | Informaci\u00f3n y Consultas sobre Cursos APP\" \/>\n<meta property=\"og:description\" content=\"Contacta con el equipo P3FP para informaci\u00f3n sobre cursos, certificaciones y formaci\u00f3n en Alianzas P\u00fablico-Privadas. Resolvemos tus dudas.\" \/>\n<meta property=\"og:url\" content=\"https:\/\/p3focused.com\/en\/contacto\/\" \/>\n<meta property=\"og:site_name\" content=\"P3FP\" \/>\n<meta property=\"article:modified_time\" content=\"2026-02-16T11:44:49+00:00\" \/>\n<meta name=\"twitter:card\" content=\"summary_large_image\" \/>\n<meta name=\"twitter:label1\" content=\"Est. reading time\" \/>\n\t<meta name=\"twitter:data1\" content=\"1 minute\" \/>\n<script type=\"application\/ld+json\" class=\"yoast-schema-graph\">{\"@context\":\"https:\\\/\\\/schema.org\",\"@graph\":[{\"@type\":\"WebPage\",\"@id\":\"https:\\\/\\\/p3focused.com\\\/contacto\\\/\",\"url\":\"https:\\\/\\\/p3focused.com\\\/contacto\\\/\",\"name\":\"Contacto P3FP | Informaci\u00f3n y Consultas sobre Cursos APP\",\"isPartOf\":{\"@id\":\"https:\\\/\\\/p3focused.com\\\/#website\"},\"datePublished\":\"2025-12-12T13:39:39+00:00\",\"dateModified\":\"2026-02-16T11:44:49+00:00\",\"description\":\"Contacta con el equipo P3FP para informaci\u00f3n sobre cursos, certificaciones y formaci\u00f3n en Alianzas P\u00fablico-Privadas. Resolvemos tus dudas.\",\"breadcrumb\":{\"@id\":\"https:\\\/\\\/p3focused.com\\\/contacto\\\/#breadcrumb\"},\"inLanguage\":\"en-US\",\"potentialAction\":[{\"@type\":\"ReadAction\",\"target\":[\"https:\\\/\\\/p3focused.com\\\/contacto\\\/\"]}]},{\"@type\":\"BreadcrumbList\",\"@id\":\"https:\\\/\\\/p3focused.com\\\/contacto\\\/#breadcrumb\",\"itemListElement\":[{\"@type\":\"ListItem\",\"position\":1,\"name\":\"Portada\",\"item\":\"https:\\\/\\\/p3focused.com\\\/\"},{\"@type\":\"ListItem\",\"position\":2,\"name\":\"Contacto\"}]},{\"@type\":\"WebSite\",\"@id\":\"https:\\\/\\\/p3focused.com\\\/#website\",\"url\":\"https:\\\/\\\/p3focused.com\\\/\",\"name\":\"P3FP\",\"description\":\"Domina las Alianzas P&uacute;blico-Privadas con P3FP\",\"potentialAction\":[{\"@type\":\"SearchAction\",\"target\":{\"@type\":\"EntryPoint\",\"urlTemplate\":\"https:\\\/\\\/p3focused.com\\\/?s={search_term_string}\"},\"query-input\":{\"@type\":\"PropertyValueSpecification\",\"valueRequired\":true,\"valueName\":\"search_term_string\"}}],\"inLanguage\":\"en-US\"}]}<\/script>\n<!-- \/ Yoast SEO plugin. -->","yoast_head_json":{"title":"Contact P3FP | Information and Queries regarding Courses APP","description":"Contact the team at P3FP for information about courses, certifications and training in Public-Private Partnerships. We resolve your doubts.","robots":{"index":"index","follow":"follow","max-snippet":"max-snippet:-1","max-image-preview":"max-image-preview:large","max-video-preview":"max-video-preview:-1"},"canonical":"https:\/\/p3focused.com\/en\/contacto\/","og_locale":"en_US","og_type":"article","og_title":"Contacto P3FP | Informaci\u00f3n y Consultas sobre Cursos APP","og_description":"Contacta con el equipo P3FP para informaci\u00f3n sobre cursos, certificaciones y formaci\u00f3n en Alianzas P\u00fablico-Privadas. Resolvemos tus dudas.","og_url":"https:\/\/p3focused.com\/en\/contacto\/","og_site_name":"P3FP","article_modified_time":"2026-02-16T11:44:49+00:00","twitter_card":"summary_large_image","twitter_misc":{"Est. reading time":"1 minute"},"schema":{"@context":"https:\/\/schema.org","@graph":[{"@type":"WebPage","@id":"https:\/\/p3focused.com\/contacto\/","url":"https:\/\/p3focused.com\/contacto\/","name":"Contact P3FP | Information and Queries regarding Courses APP","isPartOf":{"@id":"https:\/\/p3focused.com\/#website"},"datePublished":"2025-12-12T13:39:39+00:00","dateModified":"2026-02-16T11:44:49+00:00","description":"Contact the team at P3FP for information about courses, certifications and training in Public-Private Partnerships. We resolve your doubts.","breadcrumb":{"@id":"https:\/\/p3focused.com\/contacto\/#breadcrumb"},"inLanguage":"en-US","potentialAction":[{"@type":"ReadAction","target":["https:\/\/p3focused.com\/contacto\/"]}]},{"@type":"BreadcrumbList","@id":"https:\/\/p3focused.com\/contacto\/#breadcrumb","itemListElement":[{"@type":"ListItem","position":1,"name":"Portada","item":"https:\/\/p3focused.com\/"},{"@type":"ListItem","position":2,"name":"Contacto"}]},{"@type":"WebSite","@id":"https:\/\/p3focused.com\/#website","url":"https:\/\/p3focused.com\/","name":"P3FP","description":"Dominates the Public-Private Partnerships with P3FP","potentialAction":[{"@type":"SearchAction","target":{"@type":"EntryPoint","urlTemplate":"https:\/\/p3focused.com\/?s={search_term_string}"},"query-input":{"@type":"PropertyValueSpecification","valueRequired":true,"valueName":"search_term_string"}}],"inLanguage":"en-US"}]}},"_links":{"self":[{"href":"https:\/\/p3focused.com\/en\/wp-json\/wp\/v2\/pages\/15","targetHints":{"allow":["GET"]}}],"collection":[{"href":"https:\/\/p3focused.com\/en\/wp-json\/wp\/v2\/pages"}],"about":[{"href":"https:\/\/p3focused.com\/en\/wp-json\/wp\/v2\/types\/page"}],"author":[{"embeddable":true,"href":"https:\/\/p3focused.com\/en\/wp-json\/wp\/v2\/users\/1"}],"replies":[{"embeddable":true,"href":"https:\/\/p3focused.com\/en\/wp-json\/wp\/v2\/comments?post=15"}],"version-history":[{"count":8,"href":"https:\/\/p3focused.com\/en\/wp-json\/wp\/v2\/pages\/15\/revisions"}],"predecessor-version":[{"id":370,"href":"https:\/\/p3focused.com\/en\/wp-json\/wp\/v2\/pages\/15\/revisions\/370"}],"wp:attachment":[{"href":"https:\/\/p3focused.com\/en\/wp-json\/wp\/v2\/media?parent=15"}],"curies":[{"name":"wp","href":"https:\/\/api.w.org\/{rel}","templated":true}]}}