{"id":151,"date":"2026-01-20T15:19:40","date_gmt":"2026-01-20T15:19:40","guid":{"rendered":"https:\/\/p3focused.com\/?page_id=151"},"modified":"2026-02-16T11:44:11","modified_gmt":"2026-02-16T11:44:11","slug":"impartir-p3fp","status":"publish","type":"page","link":"https:\/\/p3focused.com\/en\/delivering-p3fp\/","title":{"rendered":"Delivering P3FP"},"content":{"rendered":"<div data-elementor-type=\"wp-page\" data-elementor-id=\"151\" class=\"elementor elementor-151\" data-elementor-post-type=\"page\">\n\t\t\t\t<div class=\"elementor-element elementor-element-7248cbd e-flex e-con-boxed e-con e-parent\" data-id=\"7248cbd\" data-element_type=\"container\" data-e-type=\"container\" data-settings=\"{&quot;background_background&quot;:&quot;classic&quot;}\">\n\t\t\t\t\t<div class=\"e-con-inner\">\n\t\t\t\t<div class=\"elementor-element elementor-element-51da5cc elementor-widget__width-initial elementor-widget elementor-widget-heading\" data-id=\"51da5cc\" data-element_type=\"widget\" data-e-type=\"widget\" data-widget_type=\"heading.default\">\n\t\t\t\t\t<h1 class=\"elementor-heading-title elementor-size-default\">Delivering P3FP<\/h1>\t\t\t\t<\/div>\n\t\t\t\t\t<\/div>\n\t\t\t\t<\/div>\n\t\t<div class=\"elementor-element elementor-element-9b7e630 e-flex e-con-boxed e-con e-parent\" data-id=\"9b7e630\" data-element_type=\"container\" data-e-type=\"container\">\n\t\t\t\t\t<div class=\"e-con-inner\">\n\t\t<div class=\"elementor-element elementor-element-69468b5 e-con-full e-flex e-con e-child\" data-id=\"69468b5\" data-element_type=\"container\" data-e-type=\"container\">\n\t\t\t\t<div class=\"elementor-element elementor-element-b3466a8 elementor-widget elementor-widget-heading\" data-id=\"b3466a8\" data-element_type=\"widget\" data-e-type=\"widget\" data-widget_type=\"heading.default\">\n\t\t\t\t\t<h2 class=\"elementor-heading-title elementor-size-default\">Would you like to participate in P3FP\u2122 as an Accredited Training Organisation?\n<\/h2>\t\t\t\t<\/div>\n\t\t\t\t<div class=\"elementor-element elementor-element-3cf423c elementor-widget elementor-widget-text-editor\" data-id=\"3cf423c\" data-element_type=\"widget\" data-e-type=\"widget\" data-widget_type=\"text-editor.default\">\n\t\t\t\t\t\t\t\t\t<p>The P3FP\u2122 programme is designed to be delivered through accredited training organisations. For this reason, we actively encourage the interest and participation of professional training providers.<\/p><p>Interested organisations may apply for accreditation by APMG as an Accredited Training Organisation (ATO) and, once accredited, deliver courses under the P3FP\u2122 programme.<\/p><p>Organisations that are already APMG ATOs may obtain further information on how to become a P3FP\u2122 training provider by contacting APMG International at p3fp@apmg.com<\/p><p>Organisations accredited under CP3P\u00ae may be enabled directly to deliver any P3FP\u2122 course by designating one of their CP3P-accredited trainers, who will only be required to pass the corresponding P3FP\u2122 focused PPP course examination with a minimum mark and to demonstrate appropriate subject-matter experience.<\/p>\t\t\t\t\t\t\t\t<\/div>\n\t\t\t\t<\/div>\n\t\t<div class=\"elementor-element elementor-element-ad87f84 e-con-full e-flex e-con e-child\" data-id=\"ad87f84\" data-element_type=\"container\" data-e-type=\"container\">\n\t\t\t\t<div class=\"elementor-element elementor-element-0e0a733 elementor-widget elementor-widget-image\" data-id=\"0e0a733\" data-element_type=\"widget\" data-e-type=\"widget\" data-widget_type=\"image.default\">\n\t\t\t\t\t\t\t\t\t\t\t\t\t\t\t<img decoding=\"async\" src=\"https:\/\/p3focused.com\/wp-content\/uploads\/elementor\/thumbs\/2148824808-rmbr0sc3u0cfl82b2zp7p3i5qtfgvfn84j5uxka4ey.jpg\" title=\"2148824808\" alt=\"2148824808\" loading=\"lazy\" \/>\t\t\t\t\t\t\t\t\t\t\t\t\t\t\t<\/div>\n\t\t\t\t<\/div>\n\t\t\t\t\t<\/div>\n\t\t\t\t<\/div>\n\t\t<div class=\"elementor-element elementor-element-ff2ce45 e-flex e-con-boxed e-con e-parent\" data-id=\"ff2ce45\" data-element_type=\"container\" data-e-type=\"container\">\n\t\t\t\t\t<div class=\"e-con-inner\">\n\t\t<div class=\"elementor-element elementor-element-19bae8f e-con-full e-flex e-con e-child\" data-id=\"19bae8f\" data-element_type=\"container\" data-e-type=\"container\">\n\t\t\t\t<div class=\"elementor-element elementor-element-080607d elementor-widget elementor-widget-heading\" data-id=\"080607d\" data-element_type=\"widget\" data-e-type=\"widget\" data-widget_type=\"heading.default\">\n\t\t\t\t\t<h2 class=\"elementor-heading-title elementor-size-default\">Would you like to become an accredited P3FP\u2122 trainer? \n<\/h2>\t\t\t\t<\/div>\n\t\t\t\t<div class=\"elementor-element elementor-element-5a47b29 elementor-widget elementor-widget-text-editor\" data-id=\"5a47b29\" data-element_type=\"widget\" data-e-type=\"widget\" data-widget_type=\"text-editor.default\">\n\t\t\t\t\t\t\t\t\t<p>Trainers interested in delivering P3FP\u2122 courses must be sponsored by an APMG International Accredited Training Organisation (ATO). For further information on the accreditation process, please contact APMG International at p3fp@apmg.com<\/p><p>Trainers accredited under CP3P\u00ae (at any level) will be required to pass the Practitioner-level examination of the relevant P3FP\u2122 course with a minimum score of 90%, and to demonstrate appropriate subject-matter experience.<\/p><p>Trainers who are not CP3P accredited must, in addition to the above, complete an assessment process with APMG International, demonstrating minimum general PPP experience and the capability to deliver professional training.<\/p>\t\t\t\t\t\t\t\t<\/div>\n\t\t\t\t<\/div>\n\t\t<div class=\"elementor-element elementor-element-7d23585 e-con-full e-flex e-con e-child\" data-id=\"7d23585\" data-element_type=\"container\" data-e-type=\"container\">\n\t\t\t\t<div class=\"elementor-element elementor-element-34851a2 elementor-widget elementor-widget-image\" data-id=\"34851a2\" data-element_type=\"widget\" data-e-type=\"widget\" data-widget_type=\"image.default\">\n\t\t\t\t\t\t\t\t\t\t\t\t\t\t\t<img decoding=\"async\" src=\"https:\/\/p3focused.com\/wp-content\/uploads\/elementor\/thumbs\/4763-rmbr0t9y0udpwu0xxi3u9l9mc7au34qygntceu8q8q.jpg\" title=\"4763\" alt=\"4763\" loading=\"lazy\" \/>\t\t\t\t\t\t\t\t\t\t\t\t\t\t\t<\/div>\n\t\t\t\t<\/div>\n\t\t\t\t\t<\/div>\n\t\t\t\t<\/div>\n\t\t\t\t<\/div>","protected":false},"excerpt":{"rendered":"<p>\u00bfQuieres participar en el P3FP\u2122 como entidad acreditada? El programa P3FP\u2122 est\u00e1 dise\u00f1ado para ser impartido a trav\u00e9s de entidades formadoras acreditadas, por lo que fomentamos activamente el inter\u00e9s y la participaci\u00f3n de organizaciones de formaci\u00f3n. Las entidades interesadas pueden solicitar su acreditaci\u00f3n como organizaci\u00f3n de formaci\u00f3n acreditada (ATO) y, una vez acreditadas, impartir los [&hellip;]<\/p>\n","protected":false},"author":1,"featured_media":256,"parent":0,"menu_order":0,"comment_status":"closed","ping_status":"closed","template":"elementor_header_footer","meta":{"footnotes":""},"class_list":["post-151","page","type-page","status-publish","has-post-thumbnail","hentry"],"yoast_head":"<!-- This site is optimized with the Yoast SEO plugin v27.4 - https:\/\/yoast.com\/product\/yoast-seo-wordpress\/ -->\n<title>Imparte Cursos P3FP | Convi\u00e9rtete en Entidad<\/title>\n<meta name=\"description\" content=\"Informaci\u00f3n para entidades formadoras y trainers que desean impartir cursos P3FP. Requisitos de acreditaci\u00f3n APMG y proceso de certificaci\u00f3n.\" \/>\n<meta name=\"robots\" content=\"index, follow, max-snippet:-1, max-image-preview:large, max-video-preview:-1\" \/>\n<link rel=\"canonical\" href=\"https:\/\/p3focused.com\/en\/impartir-p3fp\/\" \/>\n<meta property=\"og:locale\" content=\"en_US\" \/>\n<meta property=\"og:type\" content=\"article\" \/>\n<meta property=\"og:title\" content=\"Imparte Cursos P3FP | Convi\u00e9rtete en Entidad\" \/>\n<meta property=\"og:description\" content=\"Informaci\u00f3n para entidades formadoras y trainers que desean impartir cursos P3FP. Requisitos de acreditaci\u00f3n APMG y proceso de certificaci\u00f3n.\" \/>\n<meta property=\"og:url\" content=\"https:\/\/p3focused.com\/en\/impartir-p3fp\/\" \/>\n<meta property=\"og:site_name\" content=\"P3FP\" \/>\n<meta property=\"article:modified_time\" content=\"2026-02-16T11:44:11+00:00\" \/>\n<meta property=\"og:image\" content=\"https:\/\/p3focused.com\/wp-content\/uploads\/2026\/01\/15624.jpg\" \/>\n\t<meta property=\"og:image:width\" content=\"2000\" \/>\n\t<meta property=\"og:image:height\" content=\"1335\" \/>\n\t<meta property=\"og:image:type\" content=\"image\/jpeg\" \/>\n<meta name=\"twitter:card\" content=\"summary_large_image\" \/>\n<meta name=\"twitter:label1\" content=\"Est. reading time\" \/>\n\t<meta name=\"twitter:data1\" content=\"2 minutes\" \/>\n<script type=\"application\/ld+json\" class=\"yoast-schema-graph\">{\"@context\":\"https:\\\/\\\/schema.org\",\"@graph\":[{\"@type\":\"WebPage\",\"@id\":\"https:\\\/\\\/p3focused.com\\\/impartir-p3fp\\\/\",\"url\":\"https:\\\/\\\/p3focused.com\\\/impartir-p3fp\\\/\",\"name\":\"Imparte Cursos P3FP | Convi\u00e9rtete en Entidad\",\"isPartOf\":{\"@id\":\"https:\\\/\\\/p3focused.com\\\/#website\"},\"primaryImageOfPage\":{\"@id\":\"https:\\\/\\\/p3focused.com\\\/impartir-p3fp\\\/#primaryimage\"},\"image\":{\"@id\":\"https:\\\/\\\/p3focused.com\\\/impartir-p3fp\\\/#primaryimage\"},\"thumbnailUrl\":\"https:\\\/\\\/p3focused.com\\\/wp-content\\\/uploads\\\/2026\\\/01\\\/15624.jpg\",\"datePublished\":\"2026-01-20T15:19:40+00:00\",\"dateModified\":\"2026-02-16T11:44:11+00:00\",\"description\":\"Informaci\u00f3n para entidades formadoras y trainers que desean impartir cursos P3FP. Requisitos de acreditaci\u00f3n APMG y proceso de certificaci\u00f3n.\",\"breadcrumb\":{\"@id\":\"https:\\\/\\\/p3focused.com\\\/impartir-p3fp\\\/#breadcrumb\"},\"inLanguage\":\"en-US\",\"potentialAction\":[{\"@type\":\"ReadAction\",\"target\":[\"https:\\\/\\\/p3focused.com\\\/impartir-p3fp\\\/\"]}]},{\"@type\":\"ImageObject\",\"inLanguage\":\"en-US\",\"@id\":\"https:\\\/\\\/p3focused.com\\\/impartir-p3fp\\\/#primaryimage\",\"url\":\"https:\\\/\\\/p3focused.com\\\/wp-content\\\/uploads\\\/2026\\\/01\\\/15624.jpg\",\"contentUrl\":\"https:\\\/\\\/p3focused.com\\\/wp-content\\\/uploads\\\/2026\\\/01\\\/15624.jpg\",\"width\":2000,\"height\":1335},{\"@type\":\"BreadcrumbList\",\"@id\":\"https:\\\/\\\/p3focused.com\\\/impartir-p3fp\\\/#breadcrumb\",\"itemListElement\":[{\"@type\":\"ListItem\",\"position\":1,\"name\":\"Portada\",\"item\":\"https:\\\/\\\/p3focused.com\\\/\"},{\"@type\":\"ListItem\",\"position\":2,\"name\":\"Impartir P3FP\"}]},{\"@type\":\"WebSite\",\"@id\":\"https:\\\/\\\/p3focused.com\\\/#website\",\"url\":\"https:\\\/\\\/p3focused.com\\\/\",\"name\":\"P3FP\",\"description\":\"Domina las Alianzas P&uacute;blico-Privadas con P3FP\",\"potentialAction\":[{\"@type\":\"SearchAction\",\"target\":{\"@type\":\"EntryPoint\",\"urlTemplate\":\"https:\\\/\\\/p3focused.com\\\/?s={search_term_string}\"},\"query-input\":{\"@type\":\"PropertyValueSpecification\",\"valueRequired\":true,\"valueName\":\"search_term_string\"}}],\"inLanguage\":\"en-US\"}]}<\/script>\n<!-- \/ Yoast SEO plugin. -->","yoast_head_json":{"title":"Offers P3FP Courses | Become an Entity","description":"Information for training providers and trainers wishing to deliver P3FP courses. APMG accreditation requirements and certification process.","robots":{"index":"index","follow":"follow","max-snippet":"max-snippet:-1","max-image-preview":"max-image-preview:large","max-video-preview":"max-video-preview:-1"},"canonical":"https:\/\/p3focused.com\/en\/impartir-p3fp\/","og_locale":"en_US","og_type":"article","og_title":"Imparte Cursos P3FP | Convi\u00e9rtete en Entidad","og_description":"Informaci\u00f3n para entidades formadoras y trainers que desean impartir cursos P3FP. Requisitos de acreditaci\u00f3n APMG y proceso de certificaci\u00f3n.","og_url":"https:\/\/p3focused.com\/en\/impartir-p3fp\/","og_site_name":"P3FP","article_modified_time":"2026-02-16T11:44:11+00:00","og_image":[{"width":2000,"height":1335,"url":"https:\/\/p3focused.com\/wp-content\/uploads\/2026\/01\/15624.jpg","type":"image\/jpeg"}],"twitter_card":"summary_large_image","twitter_misc":{"Est. reading time":"2 minutes"},"schema":{"@context":"https:\/\/schema.org","@graph":[{"@type":"WebPage","@id":"https:\/\/p3focused.com\/impartir-p3fp\/","url":"https:\/\/p3focused.com\/impartir-p3fp\/","name":"Offers P3FP Courses | Become an Entity","isPartOf":{"@id":"https:\/\/p3focused.com\/#website"},"primaryImageOfPage":{"@id":"https:\/\/p3focused.com\/impartir-p3fp\/#primaryimage"},"image":{"@id":"https:\/\/p3focused.com\/impartir-p3fp\/#primaryimage"},"thumbnailUrl":"https:\/\/p3focused.com\/wp-content\/uploads\/2026\/01\/15624.jpg","datePublished":"2026-01-20T15:19:40+00:00","dateModified":"2026-02-16T11:44:11+00:00","description":"Information for training providers and trainers wishing to deliver P3FP courses. APMG accreditation requirements and certification process.","breadcrumb":{"@id":"https:\/\/p3focused.com\/impartir-p3fp\/#breadcrumb"},"inLanguage":"en-US","potentialAction":[{"@type":"ReadAction","target":["https:\/\/p3focused.com\/impartir-p3fp\/"]}]},{"@type":"ImageObject","inLanguage":"en-US","@id":"https:\/\/p3focused.com\/impartir-p3fp\/#primaryimage","url":"https:\/\/p3focused.com\/wp-content\/uploads\/2026\/01\/15624.jpg","contentUrl":"https:\/\/p3focused.com\/wp-content\/uploads\/2026\/01\/15624.jpg","width":2000,"height":1335},{"@type":"BreadcrumbList","@id":"https:\/\/p3focused.com\/impartir-p3fp\/#breadcrumb","itemListElement":[{"@type":"ListItem","position":1,"name":"Portada","item":"https:\/\/p3focused.com\/"},{"@type":"ListItem","position":2,"name":"Impartir P3FP"}]},{"@type":"WebSite","@id":"https:\/\/p3focused.com\/#website","url":"https:\/\/p3focused.com\/","name":"P3FP","description":"Dominates the Public-Private Partnerships with P3FP","potentialAction":[{"@type":"SearchAction","target":{"@type":"EntryPoint","urlTemplate":"https:\/\/p3focused.com\/?s={search_term_string}"},"query-input":{"@type":"PropertyValueSpecification","valueRequired":true,"valueName":"search_term_string"}}],"inLanguage":"en-US"}]}},"_links":{"self":[{"href":"https:\/\/p3focused.com\/en\/wp-json\/wp\/v2\/pages\/151","targetHints":{"allow":["GET"]}}],"collection":[{"href":"https:\/\/p3focused.com\/en\/wp-json\/wp\/v2\/pages"}],"about":[{"href":"https:\/\/p3focused.com\/en\/wp-json\/wp\/v2\/types\/page"}],"author":[{"embeddable":true,"href":"https:\/\/p3focused.com\/en\/wp-json\/wp\/v2\/users\/1"}],"replies":[{"embeddable":true,"href":"https:\/\/p3focused.com\/en\/wp-json\/wp\/v2\/comments?post=151"}],"version-history":[{"count":12,"href":"https:\/\/p3focused.com\/en\/wp-json\/wp\/v2\/pages\/151\/revisions"}],"predecessor-version":[{"id":369,"href":"https:\/\/p3focused.com\/en\/wp-json\/wp\/v2\/pages\/151\/revisions\/369"}],"wp:featuredmedia":[{"embeddable":true,"href":"https:\/\/p3focused.com\/en\/wp-json\/wp\/v2\/media\/256"}],"wp:attachment":[{"href":"https:\/\/p3focused.com\/en\/wp-json\/wp\/v2\/media?parent=151"}],"curies":[{"name":"wp","href":"https:\/\/api.w.org\/{rel}","templated":true}]}}