{"id":17,"date":"2025-12-12T13:39:44","date_gmt":"2025-12-12T13:39:44","guid":{"rendered":"https:\/\/p3focused.com\/?page_id=17"},"modified":"2026-02-16T11:41:25","modified_gmt":"2026-02-16T11:41:25","slug":"recursos","status":"publish","type":"page","link":"https:\/\/p3focused.com\/en\/resources\/","title":{"rendered":"Resources"},"content":{"rendered":"<div data-elementor-type=\"wp-page\" data-elementor-id=\"17\" class=\"elementor elementor-17\" data-elementor-post-type=\"page\">\n\t\t\t\t<div class=\"elementor-element elementor-element-7969973 e-flex e-con-boxed e-con e-parent\" data-id=\"7969973\" data-element_type=\"container\" data-e-type=\"container\" data-settings=\"{&quot;background_background&quot;:&quot;classic&quot;}\">\n\t\t\t\t\t<div class=\"e-con-inner\">\n\t\t\t\t<div class=\"elementor-element elementor-element-5d74869 elementor-widget__width-initial elementor-widget elementor-widget-heading\" data-id=\"5d74869\" data-element_type=\"widget\" data-e-type=\"widget\" data-widget_type=\"heading.default\">\n\t\t\t\t\t<h1 class=\"elementor-heading-title elementor-size-default\">Resources<\/h1>\t\t\t\t<\/div>\n\t\t\t\t\t<\/div>\n\t\t\t\t<\/div>\n\t\t<div class=\"elementor-element elementor-element-351b6d93 e-flex e-con-boxed e-con e-parent\" data-id=\"351b6d93\" data-element_type=\"container\" data-e-type=\"container\">\n\t\t\t\t\t<div class=\"e-con-inner\">\n\t\t\t\t<div class=\"elementor-element elementor-element-1f7a432f elementor-widget elementor-widget-text-editor\" data-id=\"1f7a432f\" data-element_type=\"widget\" data-e-type=\"widget\" data-widget_type=\"text-editor.default\">\n\t\t\t\t\t\t\t\t\t<p>This page will progressively incorporate a range of supporting resources aimed at helping users learn more about, and further explore, the specialized topics covered by the P3FP\u2122 Programme, with a primarily educational and knowledge-sharing purpose.<\/p><p>In parallel, we plan to develop and publish the PPP Best Practice Guides, building on the materials that have already been developed and those that will continue to be developed as part of the programme. These publications will be announced in due course.<\/p><p>To receive announcements when these guides are released, or to receive invitations to the events we will be organizing to present and disseminate the P3FP\u2122 Programme and its different courses, we encourage you to subscribe to our contact list. <a href=\"https:\/\/p3focused.com\/en\/contacto\/\" target=\"_blank\" rel=\"noopener\">our list of contacts<\/a><\/p>\t\t\t\t\t\t\t\t<\/div>\n\t\t\t\t\t<\/div>\n\t\t\t\t<\/div>\n\t\t<div class=\"elementor-element elementor-element-33b999f e-flex e-con-boxed e-con e-parent\" data-id=\"33b999f\" data-element_type=\"container\" data-e-type=\"container\">\n\t\t\t\t\t<div class=\"e-con-inner\">\n\t\t\t\t<div class=\"elementor-element elementor-element-f835958 elementor-widget elementor-widget-heading\" data-id=\"f835958\" data-element_type=\"widget\" data-e-type=\"widget\" data-widget_type=\"heading.default\">\n\t\t\t\t\t<h2 class=\"elementor-heading-title elementor-size-default\">Resources of interest <\/h2>\t\t\t\t<\/div>\n\t\t\t\t<div class=\"elementor-element elementor-element-0885d58 elementor-grid-3 elementor-grid-tablet-2 elementor-grid-mobile-1 elementor-posts--thumbnail-top elementor-widget elementor-widget-posts\" data-id=\"0885d58\" data-element_type=\"widget\" data-e-type=\"widget\" data-settings=\"{&quot;classic_columns&quot;:&quot;3&quot;,&quot;classic_columns_tablet&quot;:&quot;2&quot;,&quot;classic_columns_mobile&quot;:&quot;1&quot;,&quot;classic_row_gap&quot;:{&quot;unit&quot;:&quot;px&quot;,&quot;size&quot;:35,&quot;sizes&quot;:[]},&quot;classic_row_gap_tablet&quot;:{&quot;unit&quot;:&quot;px&quot;,&quot;size&quot;:&quot;&quot;,&quot;sizes&quot;:[]},&quot;classic_row_gap_mobile&quot;:{&quot;unit&quot;:&quot;px&quot;,&quot;size&quot;:&quot;&quot;,&quot;sizes&quot;:[]}}\" data-widget_type=\"posts.classic\">\n\t\t\t\t<div class=\"elementor-widget-container\">\n\t\t\t\t\t\t\t<div class=\"elementor-posts-container elementor-posts elementor-posts--skin-classic elementor-grid\" role=\"list\">\r\n\t\t\t\t<article class=\"elementor-post elementor-grid-item post-198 page type-page status-publish has-post-thumbnail hentry\" role=\"listitem\">\r\n\t\t\t\t<a class=\"elementor-post__thumbnail__link\" href=\"https:\/\/p3focused.com\/en\/resources\/sites-of-interest\/\" tabindex=\"-1\" >\r\n\t\t\t<div class=\"elementor-post__thumbnail\"><img fetchpriority=\"high\" decoding=\"async\" width=\"768\" height=\"432\" src=\"https:\/\/p3focused.com\/wp-content\/uploads\/2025\/12\/2148824808-768x432.jpg\" class=\"attachment-medium_large size-medium_large wp-image-50\" alt=\"\" srcset=\"https:\/\/p3focused.com\/wp-content\/uploads\/2025\/12\/2148824808-768x432.jpg 768w, https:\/\/p3focused.com\/wp-content\/uploads\/2025\/12\/2148824808-300x169.jpg 300w, https:\/\/p3focused.com\/wp-content\/uploads\/2025\/12\/2148824808-1024x576.jpg 1024w, https:\/\/p3focused.com\/wp-content\/uploads\/2025\/12\/2148824808-1536x864.jpg 1536w, https:\/\/p3focused.com\/wp-content\/uploads\/2025\/12\/2148824808.jpg 2000w\" sizes=\"(max-width: 768px) 100vw, 768px\" \/><\/div>\r\n\t\t<\/a>\r\n\t\t\t\t<div class=\"elementor-post__text\">\r\n\t\t\t\t<h3 class=\"elementor-post__title\">\r\n\t\t\t<a href=\"https:\/\/p3focused.com\/en\/resources\/sites-of-interest\/\" >\r\n\t\t\t\tPages of Interest\t\t\t<\/a>\r\n\t\t<\/h3>\r\n\t\t\t\t\t<div class=\"elementor-post__read-more-wrapper\">\r\n\t\t\r\n\t\t<a class=\"elementor-post__read-more\" href=\"https:\/\/p3focused.com\/en\/resources\/sites-of-interest\/\" aria-label=\"Read more about P\u00e1ginas de inter\u00e9s\" tabindex=\"-1\" >\r\n\t\t\tRead more \"\t\t<\/a>\r\n\r\n\t\t\t\t\t<\/div>\r\n\t\t\t\t<\/div>\r\n\t\t\t\t<\/article>\r\n\t\t\t\t<\/div>\r\n\t\t\r\n\t\t\t\t\t\t<\/div>\n\t\t\t\t<\/div>\n\t\t\t\t\t<\/div>\n\t\t\t\t<\/div>\n\t\t\t\t<\/div>","protected":false},"excerpt":{"rendered":"<p>En esta p\u00e1gina iremos incorporando diversos recursos de apoyo para saber m\u00e1s y\/o investigar sobre las materias especializadas que son objeto del programa P3FP\u2122, con una intenci\u00f3n divulgativa. Igualmente planeamos desarrollar y publicar las \u201cGu\u00edas<\/p>","protected":false},"author":1,"featured_media":254,"parent":0,"menu_order":0,"comment_status":"closed","ping_status":"closed","template":"elementor_header_footer","meta":{"footnotes":""},"class_list":["post-17","page","type-page","status-publish","has-post-thumbnail","hentry"],"yoast_head":"<!-- This site is optimized with the Yoast SEO plugin v27.4 - https:\/\/yoast.com\/product\/yoast-seo-wordpress\/ -->\n<title>Recursos PPP | Gu\u00edas y Material para Alianzas P\u00fablico-Privadas<\/title>\n<meta name=\"description\" content=\"Accede a recursos, gu\u00edas pr\u00e1cticas y material especializado sobre Asociaciones P\u00fablico-Privadas. Herramientas en gesti\u00f3n de infraestructuras.\" \/>\n<meta name=\"robots\" content=\"index, follow, max-snippet:-1, max-image-preview:large, max-video-preview:-1\" \/>\n<link rel=\"canonical\" href=\"https:\/\/p3focused.com\/en\/recursos\/\" \/>\n<meta property=\"og:locale\" content=\"en_US\" \/>\n<meta property=\"og:type\" content=\"article\" \/>\n<meta property=\"og:title\" content=\"Recursos PPP | Gu\u00edas y Material para Alianzas P\u00fablico-Privadas\" \/>\n<meta property=\"og:description\" content=\"Accede a recursos, gu\u00edas pr\u00e1cticas y material especializado sobre Asociaciones P\u00fablico-Privadas. Herramientas en gesti\u00f3n de infraestructuras.\" \/>\n<meta property=\"og:url\" content=\"https:\/\/p3focused.com\/en\/recursos\/\" \/>\n<meta property=\"og:site_name\" content=\"P3FP\" \/>\n<meta property=\"article:modified_time\" content=\"2026-02-16T11:41:25+00:00\" \/>\n<meta property=\"og:image\" content=\"https:\/\/p3focused.com\/wp-content\/uploads\/2026\/01\/2893.jpg\" \/>\n\t<meta property=\"og:image:width\" content=\"2000\" \/>\n\t<meta property=\"og:image:height\" content=\"1333\" \/>\n\t<meta property=\"og:image:type\" content=\"image\/jpeg\" \/>\n<meta name=\"twitter:card\" content=\"summary_large_image\" \/>\n<meta name=\"twitter:label1\" content=\"Est. reading time\" \/>\n\t<meta name=\"twitter:data1\" content=\"1 minute\" \/>\n<script type=\"application\/ld+json\" class=\"yoast-schema-graph\">{\"@context\":\"https:\\\/\\\/schema.org\",\"@graph\":[{\"@type\":\"WebPage\",\"@id\":\"https:\\\/\\\/p3focused.com\\\/recursos\\\/\",\"url\":\"https:\\\/\\\/p3focused.com\\\/recursos\\\/\",\"name\":\"Recursos PPP | Gu\u00edas y Material para Alianzas P\u00fablico-Privadas\",\"isPartOf\":{\"@id\":\"https:\\\/\\\/p3focused.com\\\/#website\"},\"primaryImageOfPage\":{\"@id\":\"https:\\\/\\\/p3focused.com\\\/recursos\\\/#primaryimage\"},\"image\":{\"@id\":\"https:\\\/\\\/p3focused.com\\\/recursos\\\/#primaryimage\"},\"thumbnailUrl\":\"https:\\\/\\\/p3focused.com\\\/wp-content\\\/uploads\\\/2026\\\/01\\\/2893.jpg\",\"datePublished\":\"2025-12-12T13:39:44+00:00\",\"dateModified\":\"2026-02-16T11:41:25+00:00\",\"description\":\"Accede a recursos, gu\u00edas pr\u00e1cticas y material especializado sobre Asociaciones P\u00fablico-Privadas. Herramientas en gesti\u00f3n de infraestructuras.\",\"breadcrumb\":{\"@id\":\"https:\\\/\\\/p3focused.com\\\/recursos\\\/#breadcrumb\"},\"inLanguage\":\"en-US\",\"potentialAction\":[{\"@type\":\"ReadAction\",\"target\":[\"https:\\\/\\\/p3focused.com\\\/recursos\\\/\"]}]},{\"@type\":\"ImageObject\",\"inLanguage\":\"en-US\",\"@id\":\"https:\\\/\\\/p3focused.com\\\/recursos\\\/#primaryimage\",\"url\":\"https:\\\/\\\/p3focused.com\\\/wp-content\\\/uploads\\\/2026\\\/01\\\/2893.jpg\",\"contentUrl\":\"https:\\\/\\\/p3focused.com\\\/wp-content\\\/uploads\\\/2026\\\/01\\\/2893.jpg\",\"width\":2000,\"height\":1333},{\"@type\":\"BreadcrumbList\",\"@id\":\"https:\\\/\\\/p3focused.com\\\/recursos\\\/#breadcrumb\",\"itemListElement\":[{\"@type\":\"ListItem\",\"position\":1,\"name\":\"Portada\",\"item\":\"https:\\\/\\\/p3focused.com\\\/\"},{\"@type\":\"ListItem\",\"position\":2,\"name\":\"Recursos\"}]},{\"@type\":\"WebSite\",\"@id\":\"https:\\\/\\\/p3focused.com\\\/#website\",\"url\":\"https:\\\/\\\/p3focused.com\\\/\",\"name\":\"P3FP\",\"description\":\"Domina las Alianzas P&uacute;blico-Privadas con P3FP\",\"potentialAction\":[{\"@type\":\"SearchAction\",\"target\":{\"@type\":\"EntryPoint\",\"urlTemplate\":\"https:\\\/\\\/p3focused.com\\\/?s={search_term_string}\"},\"query-input\":{\"@type\":\"PropertyValueSpecification\",\"valueRequired\":true,\"valueName\":\"search_term_string\"}}],\"inLanguage\":\"en-US\"}]}<\/script>\n<!-- \/ Yoast SEO plugin. -->","yoast_head_json":{"title":"PPP Resources | Guides and Materials for Public-Private Partnerships","description":"Access resources, practical guides, and specialized material on Public-Private Partnerships. Infrastructure management tools.","robots":{"index":"index","follow":"follow","max-snippet":"max-snippet:-1","max-image-preview":"max-image-preview:large","max-video-preview":"max-video-preview:-1"},"canonical":"https:\/\/p3focused.com\/en\/recursos\/","og_locale":"en_US","og_type":"article","og_title":"Recursos PPP | Gu\u00edas y Material para Alianzas P\u00fablico-Privadas","og_description":"Accede a recursos, gu\u00edas pr\u00e1cticas y material especializado sobre Asociaciones P\u00fablico-Privadas. Herramientas en gesti\u00f3n de infraestructuras.","og_url":"https:\/\/p3focused.com\/en\/recursos\/","og_site_name":"P3FP","article_modified_time":"2026-02-16T11:41:25+00:00","og_image":[{"width":2000,"height":1333,"url":"https:\/\/p3focused.com\/wp-content\/uploads\/2026\/01\/2893.jpg","type":"image\/jpeg"}],"twitter_card":"summary_large_image","twitter_misc":{"Est. reading time":"1 minute"},"schema":{"@context":"https:\/\/schema.org","@graph":[{"@type":"WebPage","@id":"https:\/\/p3focused.com\/recursos\/","url":"https:\/\/p3focused.com\/recursos\/","name":"PPP Resources | Guides and Materials for Public-Private Partnerships","isPartOf":{"@id":"https:\/\/p3focused.com\/#website"},"primaryImageOfPage":{"@id":"https:\/\/p3focused.com\/recursos\/#primaryimage"},"image":{"@id":"https:\/\/p3focused.com\/recursos\/#primaryimage"},"thumbnailUrl":"https:\/\/p3focused.com\/wp-content\/uploads\/2026\/01\/2893.jpg","datePublished":"2025-12-12T13:39:44+00:00","dateModified":"2026-02-16T11:41:25+00:00","description":"Access resources, practical guides, and specialized material on Public-Private Partnerships. Infrastructure management tools.","breadcrumb":{"@id":"https:\/\/p3focused.com\/recursos\/#breadcrumb"},"inLanguage":"en-US","potentialAction":[{"@type":"ReadAction","target":["https:\/\/p3focused.com\/recursos\/"]}]},{"@type":"ImageObject","inLanguage":"en-US","@id":"https:\/\/p3focused.com\/recursos\/#primaryimage","url":"https:\/\/p3focused.com\/wp-content\/uploads\/2026\/01\/2893.jpg","contentUrl":"https:\/\/p3focused.com\/wp-content\/uploads\/2026\/01\/2893.jpg","width":2000,"height":1333},{"@type":"BreadcrumbList","@id":"https:\/\/p3focused.com\/recursos\/#breadcrumb","itemListElement":[{"@type":"ListItem","position":1,"name":"Portada","item":"https:\/\/p3focused.com\/"},{"@type":"ListItem","position":2,"name":"Recursos"}]},{"@type":"WebSite","@id":"https:\/\/p3focused.com\/#website","url":"https:\/\/p3focused.com\/","name":"P3FP","description":"Dominates the Public-Private Partnerships with P3FP","potentialAction":[{"@type":"SearchAction","target":{"@type":"EntryPoint","urlTemplate":"https:\/\/p3focused.com\/?s={search_term_string}"},"query-input":{"@type":"PropertyValueSpecification","valueRequired":true,"valueName":"search_term_string"}}],"inLanguage":"en-US"}]}},"_links":{"self":[{"href":"https:\/\/p3focused.com\/en\/wp-json\/wp\/v2\/pages\/17","targetHints":{"allow":["GET"]}}],"collection":[{"href":"https:\/\/p3focused.com\/en\/wp-json\/wp\/v2\/pages"}],"about":[{"href":"https:\/\/p3focused.com\/en\/wp-json\/wp\/v2\/types\/page"}],"author":[{"embeddable":true,"href":"https:\/\/p3focused.com\/en\/wp-json\/wp\/v2\/users\/1"}],"replies":[{"embeddable":true,"href":"https:\/\/p3focused.com\/en\/wp-json\/wp\/v2\/comments?post=17"}],"version-history":[{"count":16,"href":"https:\/\/p3focused.com\/en\/wp-json\/wp\/v2\/pages\/17\/revisions"}],"predecessor-version":[{"id":367,"href":"https:\/\/p3focused.com\/en\/wp-json\/wp\/v2\/pages\/17\/revisions\/367"}],"wp:featuredmedia":[{"embeddable":true,"href":"https:\/\/p3focused.com\/en\/wp-json\/wp\/v2\/media\/254"}],"wp:attachment":[{"href":"https:\/\/p3focused.com\/en\/wp-json\/wp\/v2\/media?parent=17"}],"curies":[{"name":"wp","href":"https:\/\/api.w.org\/{rel}","templated":true}]}}