{"id":23,"date":"2025-12-12T13:40:05","date_gmt":"2025-12-12T13:40:05","guid":{"rendered":"https:\/\/p3focused.com\/?page_id=23"},"modified":"2026-03-17T10:22:09","modified_gmt":"2026-03-17T10:22:09","slug":"politica-de-cookies","status":"publish","type":"page","link":"https:\/\/p3focused.com\/en\/politica-de-cookies\/","title":{"rendered":"Cookie Policy"},"content":{"rendered":"<p><b>1.- \u00bfQU\u00c9 ES UNA COOKIE?<\/b><span style=\"font-weight: 400;\"><br \/>\n<\/span><span style=\"font-weight: 400;\">This Website uses cookies and\/or similar technologies (for example, pixels or tags) that store and retrieve information when you browse. In general, these technologies may serve a wide variety of purposes, such as recognizing you as a user, obtaining information about your browsing habits, or customizing the way in which content is displayed. The specific uses we make of these technologies are described below.<\/span><\/p>\n<p><b>2.- \u00bfQUI\u00c9N UTILIZA LA INFORMACI\u00d3N DE LAS COOKIES?<\/b><span style=\"font-weight: 400;\"><br \/>\n<\/span><span style=\"font-weight: 400;\">The owner of the Website is:<\/span><\/p>\n<p><b>ANDR\u00c9S REBOLLO (hereinafter, the \"Owner\")<\/b><\/p>\n<p><span style=\"font-weight: 400;\">Address: <\/span><b>Calle Javier Ferrero 10, 28002 Madrid (Spain)<\/b><span style=\"font-weight: 400;\"><br \/>\n<\/span><span style=\"font-weight: 400;\">Email: <\/span><a href=\"\/en\/info@p3focused.com\/\"><b>info@p3focused.com<\/b><\/a><\/p>\n<p><b>3.- \u00bfQU\u00c9 TIPOS DE COOKIES EXISTEN?<\/b><span style=\"font-weight: 400;\"><br \/>\n<\/span><span style=\"font-weight: 400;\">Cookies may be classified, according to their characteristics, into various categories:<\/span><\/p>\n<p><b>3.1. According to the entity that manages them<\/b><\/p>\n<ul>\n<li style=\"font-weight: 400;\" aria-level=\"1\"><b>First-party cookies:<\/b><span style=\"font-weight: 400;\"> sent to your device and managed by the Owner.<\/span><span style=\"font-weight: 400;\">.<\/span><\/li>\n<li style=\"font-weight: 400;\" aria-level=\"1\"><b>Third-party cookies:<\/b><span style=\"font-weight: 400;\"> sent to your device and managed by a third party.<\/span><\/li>\n<\/ul>\n<p>&nbsp;<\/p>\n<p><b>3.2. According to the period of time they remain active<\/b><\/p>\n<ul>\n<li style=\"font-weight: 400;\" aria-level=\"1\"><b>Session cookies:<\/b><span style=\"font-weight: 400;\"> collect and store data only while you access the Website.<\/span><\/li>\n<li style=\"font-weight: 400;\" aria-level=\"1\"><b>Persistent cookies:<\/b><span style=\"font-weight: 400;\"> data remain stored and may be accessed and processed for the period defined by the party responsible for the cookie.<\/span><\/li>\n<\/ul>\n<p>&nbsp;<\/p>\n<p><b>3.3. According to their purpose<\/b><\/p>\n<ul>\n<li><b>Technical (necessary) cookies<\/b><span style=\"font-weight: 400;\">: allow browsing, the use of Website options or services and, in general, its basic operation.<\/span><span style=\"font-weight: 400;\"><br \/>\n<\/span><b><\/b><\/li>\n<li><b>Customization cookies<\/b><span style=\"font-weight: 400;\">: allow access to the service with certain predefined features (for example, language or regional settings).<\/span><span style=\"font-weight: 400;\"><br \/>\n<\/span><b><\/b><\/li>\n<li><b>Analytics cookies<\/b><span style=\"font-weight: 400;\">: allow the collection of aggregated statistical information about Website usage for improvement purposes, where applicable.<\/span><\/li>\n<\/ul>\n<p>&nbsp;<\/p>\n<p><b>4. WHAT DO WE USE COOKIES FOR ON THIS WEBSITE?<\/b><\/p>\n<p><span style=\"font-weight: 400;\">This Website may collect usage data through first-party cookies.<\/span><\/p>\n<p><span style=\"font-weight: 400;\">Cookies allow us, among other things, to ensure the proper functioning of the Website, improve its performance and obtain aggregated statistical information about its use.<\/span><\/p>\n<p><b>5. THIRD-PARTY COOKIES THAT MAY BE USED (DEPENDING ON CONFIGURATION)<\/b><span style=\"font-weight: 400;\"><br \/>\n<\/span><span style=\"font-weight: 400;\">Additionally, depending on the configuration of the Website and the active services, third-party cookies\/technologies may be used, for example:<\/span><\/p>\n<p><b>5.1. For analytics purposes<\/b><span style=\"font-weight: 400;\"><br \/>\n<\/span><span style=\"font-weight: 400;\">Analytics tools may be used on the Website to obtain aggregated statistics about Website usage, provided that the user has given consent through the available mechanisms.<\/span><\/p>\n<p><b>5.2. For technical purposes<\/b><span style=\"font-weight: 400;\"><br \/>\n<\/span><span style=\"font-weight: 400;\">We may also use technical cookies necessary for the operation of the Website. Some session cookies are deleted when you close your browser.<\/span><\/p>\n<p><b>6. IS CONSENT REQUIRED TO INSTALL COOKIES?<\/b><span style=\"font-weight: 400;\"><br \/>\n<\/span><span style=\"font-weight: 400;\">Your consent is not required for the installation of technical cookies or those strictly necessary to provide a service expressly requested. For other cookies, the legal basis is your consent, which you may grant or withdraw at any time through the mechanisms provided on the Website and\/or through your browser settings.<\/span><\/p>\n<p><b>7. HOW TO DISABLE OR BLOCK COOKIES<\/b><span style=\"font-weight: 400;\"><br \/>\n<\/span><span style=\"font-weight: 400;\">You may disable or block cookies by activating the settings in your browser. If you do not allow the installation of cookies, you may not be able to access certain functionalities and your experience may be less satisfactory. More information:<\/span><\/p>\n<ul>\n<li style=\"font-weight: 400;\" aria-level=\"1\"><span style=\"font-weight: 400;\">Firefox: <\/span><a href=\"https:\/\/support.mozilla.org\/\"><span style=\"font-weight: 400;\">https:\/\/support.mozilla.org\/<\/span><\/a><\/li>\n<li style=\"font-weight: 400;\" aria-level=\"1\"><span style=\"font-weight: 400;\">Chrome: <\/span><a href=\"https:\/\/support.google.com\/chrome\/\"><span style=\"font-weight: 400;\">https:\/\/support.google.com\/chrome\/<\/span><\/a><\/li>\n<li style=\"font-weight: 400;\" aria-level=\"1\"><span style=\"font-weight: 400;\">Microsoft Edge: <\/span><a href=\"https:\/\/support.microsoft.com\/\"><span style=\"font-weight: 400;\">https:\/\/support.microsoft.com\/<\/span><\/a><\/li>\n<li style=\"font-weight: 400;\" aria-level=\"1\"><span style=\"font-weight: 400;\">Safari: <\/span><a href=\"https:\/\/support.apple.com\/\"><span style=\"font-weight: 400;\">https:\/\/support.apple.com\/<\/span><\/a><\/li>\n<li style=\"font-weight: 400;\" aria-level=\"1\"><span style=\"font-weight: 400;\">Opera: <\/span><a href=\"http:\/\/help.opera.com\/\"><span style=\"font-weight: 400;\">http:\/\/help.opera.com\/<\/span><\/a><\/li>\n<\/ul>\n<p>&nbsp;<\/p>\n<p><b>8. INTERNATIONAL TRANSFERS<\/b><span style=\"font-weight: 400;\"><br \/>\n<\/span><span style=\"font-weight: 400;\">Some providers may process data outside the European Economic Area. Where applicable, such transfers will be carried out with appropriate safeguards in accordance with applicable regulations (for example, Standard Contractual Clauses or other recognized mechanisms).<\/span><\/p>\n<p><b>9. RIGHTS AND COMPLAINTS<\/b><span style=\"font-weight: 400;\"><br \/>\n<\/span><span style=\"font-weight: 400;\">For information regarding the processing of personal data and the exercise of rights (access, rectification, erasure, objection, restriction, portability, etc.), please consult our <\/span><b>Privacy Policy<\/b><span style=\"font-weight: 400;\">. You may also lodge a complaint with the <\/span><b>Spanish Data Protection Agency (Agencia Espa\u00f1ola de Protecci\u00f3n de Datos \u2013 AEPD)<\/b><span style=\"font-weight: 400;\"> if you consider that the processing infringes applicable regulations.<\/span><\/p>\n<p><b>10. UPDATES TO THIS POLICY<\/b><span style=\"font-weight: 400;\"><br \/>\n<\/span><span style=\"font-weight: 400;\">The Owner may update this Cookie Policy to reflect legislative, technical or Website configuration changes. The current version will always be published in this section.<\/span><\/p>","protected":false},"excerpt":{"rendered":"<p>1.- \u00bfQU\u00c9 ES UNA COOKIE? Este Sitio Web utiliza cookies y\/o tecnolog\u00edas similares (por ejemplo, p\u00edxeles o etiquetas) que almacenan y recuperan informaci\u00f3n cuando navegas. En general, estas tecnolog\u00edas pueden servir para finalidades muy diversas, como, por ejemplo, reconocerte como usuario, obtener informaci\u00f3n sobre tus h\u00e1bitos de navegaci\u00f3n o personalizar la forma en la que [&hellip;]<\/p>\n","protected":false},"author":1,"featured_media":0,"parent":0,"menu_order":0,"comment_status":"closed","ping_status":"closed","template":"","meta":{"footnotes":""},"class_list":["post-23","page","type-page","status-publish","hentry"],"yoast_head":"<!-- This site is optimized with the Yoast SEO plugin v27.4 - https:\/\/yoast.com\/product\/yoast-seo-wordpress\/ -->\n<title>Pol\u00edtica de cookies - P3FP<\/title>\n<meta name=\"robots\" content=\"index, follow, max-snippet:-1, max-image-preview:large, max-video-preview:-1\" \/>\n<link rel=\"canonical\" href=\"https:\/\/p3focused.com\/en\/politica-de-cookies\/\" \/>\n<meta property=\"og:locale\" content=\"en_US\" \/>\n<meta property=\"og:type\" content=\"article\" \/>\n<meta property=\"og:title\" content=\"Pol\u00edtica de cookies - P3FP\" \/>\n<meta property=\"og:description\" content=\"1.- \u00bfQU\u00c9 ES UNA COOKIE? Este Sitio Web utiliza cookies y\/o tecnolog\u00edas similares (por ejemplo, p\u00edxeles o etiquetas) que almacenan y recuperan informaci\u00f3n cuando navegas. En general, estas tecnolog\u00edas pueden servir para finalidades muy diversas, como, por ejemplo, reconocerte como usuario, obtener informaci\u00f3n sobre tus h\u00e1bitos de navegaci\u00f3n o personalizar la forma en la que [&hellip;]\" \/>\n<meta property=\"og:url\" content=\"https:\/\/p3focused.com\/en\/politica-de-cookies\/\" \/>\n<meta property=\"og:site_name\" content=\"P3FP\" \/>\n<meta property=\"article:modified_time\" content=\"2026-03-17T10:22:09+00:00\" \/>\n<meta name=\"twitter:card\" content=\"summary_large_image\" \/>\n<meta name=\"twitter:label1\" content=\"Est. reading time\" \/>\n\t<meta name=\"twitter:data1\" content=\"3 minutes\" \/>\n<script type=\"application\/ld+json\" class=\"yoast-schema-graph\">{\"@context\":\"https:\\\/\\\/schema.org\",\"@graph\":[{\"@type\":\"WebPage\",\"@id\":\"https:\\\/\\\/p3focused.com\\\/politica-de-cookies\\\/\",\"url\":\"https:\\\/\\\/p3focused.com\\\/politica-de-cookies\\\/\",\"name\":\"Pol\u00edtica de cookies - P3FP\",\"isPartOf\":{\"@id\":\"https:\\\/\\\/p3focused.com\\\/#website\"},\"datePublished\":\"2025-12-12T13:40:05+00:00\",\"dateModified\":\"2026-03-17T10:22:09+00:00\",\"breadcrumb\":{\"@id\":\"https:\\\/\\\/p3focused.com\\\/politica-de-cookies\\\/#breadcrumb\"},\"inLanguage\":\"en-US\",\"potentialAction\":[{\"@type\":\"ReadAction\",\"target\":[\"https:\\\/\\\/p3focused.com\\\/politica-de-cookies\\\/\"]}]},{\"@type\":\"BreadcrumbList\",\"@id\":\"https:\\\/\\\/p3focused.com\\\/politica-de-cookies\\\/#breadcrumb\",\"itemListElement\":[{\"@type\":\"ListItem\",\"position\":1,\"name\":\"Portada\",\"item\":\"https:\\\/\\\/p3focused.com\\\/\"},{\"@type\":\"ListItem\",\"position\":2,\"name\":\"Pol\u00edtica de cookies\"}]},{\"@type\":\"WebSite\",\"@id\":\"https:\\\/\\\/p3focused.com\\\/#website\",\"url\":\"https:\\\/\\\/p3focused.com\\\/\",\"name\":\"P3FP\",\"description\":\"Domina las Alianzas P&uacute;blico-Privadas con P3FP\",\"potentialAction\":[{\"@type\":\"SearchAction\",\"target\":{\"@type\":\"EntryPoint\",\"urlTemplate\":\"https:\\\/\\\/p3focused.com\\\/?s={search_term_string}\"},\"query-input\":{\"@type\":\"PropertyValueSpecification\",\"valueRequired\":true,\"valueName\":\"search_term_string\"}}],\"inLanguage\":\"en-US\"}]}<\/script>\n<!-- \/ Yoast SEO plugin. -->","yoast_head_json":{"title":"Pol\u00edtica de cookies - P3FP","robots":{"index":"index","follow":"follow","max-snippet":"max-snippet:-1","max-image-preview":"max-image-preview:large","max-video-preview":"max-video-preview:-1"},"canonical":"https:\/\/p3focused.com\/en\/politica-de-cookies\/","og_locale":"en_US","og_type":"article","og_title":"Pol\u00edtica de cookies - P3FP","og_description":"1.- \u00bfQU\u00c9 ES UNA COOKIE? Este Sitio Web utiliza cookies y\/o tecnolog\u00edas similares (por ejemplo, p\u00edxeles o etiquetas) que almacenan y recuperan informaci\u00f3n cuando navegas. En general, estas tecnolog\u00edas pueden servir para finalidades muy diversas, como, por ejemplo, reconocerte como usuario, obtener informaci\u00f3n sobre tus h\u00e1bitos de navegaci\u00f3n o personalizar la forma en la que [&hellip;]","og_url":"https:\/\/p3focused.com\/en\/politica-de-cookies\/","og_site_name":"P3FP","article_modified_time":"2026-03-17T10:22:09+00:00","twitter_card":"summary_large_image","twitter_misc":{"Est. reading time":"3 minutes"},"schema":{"@context":"https:\/\/schema.org","@graph":[{"@type":"WebPage","@id":"https:\/\/p3focused.com\/politica-de-cookies\/","url":"https:\/\/p3focused.com\/politica-de-cookies\/","name":"Pol\u00edtica de cookies - P3FP","isPartOf":{"@id":"https:\/\/p3focused.com\/#website"},"datePublished":"2025-12-12T13:40:05+00:00","dateModified":"2026-03-17T10:22:09+00:00","breadcrumb":{"@id":"https:\/\/p3focused.com\/politica-de-cookies\/#breadcrumb"},"inLanguage":"en-US","potentialAction":[{"@type":"ReadAction","target":["https:\/\/p3focused.com\/politica-de-cookies\/"]}]},{"@type":"BreadcrumbList","@id":"https:\/\/p3focused.com\/politica-de-cookies\/#breadcrumb","itemListElement":[{"@type":"ListItem","position":1,"name":"Portada","item":"https:\/\/p3focused.com\/"},{"@type":"ListItem","position":2,"name":"Pol\u00edtica de cookies"}]},{"@type":"WebSite","@id":"https:\/\/p3focused.com\/#website","url":"https:\/\/p3focused.com\/","name":"P3FP","description":"Dominates the Public-Private Partnerships with P3FP","potentialAction":[{"@type":"SearchAction","target":{"@type":"EntryPoint","urlTemplate":"https:\/\/p3focused.com\/?s={search_term_string}"},"query-input":{"@type":"PropertyValueSpecification","valueRequired":true,"valueName":"search_term_string"}}],"inLanguage":"en-US"}]}},"_links":{"self":[{"href":"https:\/\/p3focused.com\/en\/wp-json\/wp\/v2\/pages\/23","targetHints":{"allow":["GET"]}}],"collection":[{"href":"https:\/\/p3focused.com\/en\/wp-json\/wp\/v2\/pages"}],"about":[{"href":"https:\/\/p3focused.com\/en\/wp-json\/wp\/v2\/types\/page"}],"author":[{"embeddable":true,"href":"https:\/\/p3focused.com\/en\/wp-json\/wp\/v2\/users\/1"}],"replies":[{"embeddable":true,"href":"https:\/\/p3focused.com\/en\/wp-json\/wp\/v2\/comments?post=23"}],"version-history":[{"count":7,"href":"https:\/\/p3focused.com\/en\/wp-json\/wp\/v2\/pages\/23\/revisions"}],"predecessor-version":[{"id":376,"href":"https:\/\/p3focused.com\/en\/wp-json\/wp\/v2\/pages\/23\/revisions\/376"}],"wp:attachment":[{"href":"https:\/\/p3focused.com\/en\/wp-json\/wp\/v2\/media?parent=23"}],"curies":[{"name":"wp","href":"https:\/\/api.w.org\/{rel}","templated":true}]}}